{"id":915,"date":"2024-04-05T22:23:27","date_gmt":"2024-04-05T20:23:27","guid":{"rendered":"http:\/\/10.100.30.111\/?page_id=915"},"modified":"2025-12-02T01:52:04","modified_gmt":"2025-12-02T05:52:04","slug":"datos","status":"publish","type":"page","link":"https:\/\/www.seprec.gob.bo\/index.php\/datos\/","title":{"rendered":""},"content":{"rendered":"<div class=\"widget widget_documentos_widget\">        <section\n            id=\"documentos\"><div class=\"container p-4\">\n    <div class=\"row\">\n        <div class=\"col-12 col-md-12\">\n            <article id=\"post-915\" class=\"post-915 page type-page status-publish hentry\">\n                <h4>\n                    Datos y Estad\u00edsticas Actuales                <\/h4>\n\n\n\n                <form id=\"form-buscar_documentos\" role=\"search\" method=\"get\" class=\"form-inline border border-0\" action=\"https:\/\/www.seprec.gob.bo\/index.php\/datos\/\">\n                    <div class=\"row align-items-end gy-3 pb-3\">\n\n                        <!-- Filtro A\u00f1o -->\n                        <div class=\"col-12 col-md-auto\">\n                            <label for=\"filtroAnioId\" class=\"icono-color form-label fw-semibold\">A\u00f1o<\/label>\n                            <select id=\"filtroAnioId\" name=\"anio\" class=\"form-select fondo-default texto-default\">\n                                <option value=\"\" selected>Seleccionar a\u00f1o<\/option>\n                                \n\n                                    <option value=\"2026\" >\n                                        2026                                    <\/option>\n                                \n\n                                    <option value=\"2025\/11\" >\n                                        2025\/11                                    <\/option>\n                                \n\n                                    <option value=\"2025\" >\n                                        2025                                    <\/option>\n                                \n\n                                    <option value=\"2024\" >\n                                        2024                                    <\/option>\n                                \n\n                                    <option value=\"2023\" >\n                                        2023                                    <\/option>\n                                \n\n                                    <option value=\"2022\" >\n                                        2022                                    <\/option>\n                                \n\n                                    <option value=\"2021-2025\" >\n                                        2021-2025                                    <\/option>\n                                \n\n                                    <option value=\"2021\" >\n                                        2021                                    <\/option>\n                                \n\n                                    <option value=\"2015\" >\n                                        2015                                    <\/option>\n                                \n\n                                    <option value=\"2014\" >\n                                        2014                                    <\/option>\n                                \n\n                                    <option value=\"2013\" >\n                                        2013                                    <\/option>\n                                \n\n                                    <option value=\"2009\" >\n                                        2009                                    <\/option>\n                                \n\n                                    <option value=\"\" >\n                                                                            <\/option>\n                                                            <\/select>\n                        <\/div>\n\n                        <!-- Filtro Titulo -->\n\n                        <div class=\"col-12 col-md-auto\">\n                            <label for=\"filtroTituloId\" class=\"icono-color form-label fw-semibold\">Descripci\u00f3n<\/label>\n\n                            <div class=\"input-group texto-default\" style=\"display: flex !important; \">\n\n                                <input type=\"text\" id=\"filtroTituloId\" placeholder=\"Buscar por descripci\u00f3n\" name=\"titulo\" class=\"form-control fondo-default texto-default\" value=\"\">\n                                <button style=\"cursor: pointer;\" onclick=\"resetarFormulario('filtroTituloId', 'form-buscar_documentos' )\" class=\"input-group-text fondo-default\" id=\"clearInputdocumentos\"><i class=\"bi bi-x-circle-fill texto-default\"><\/i><\/button>\n                            <\/div>\n                        <\/div>\n\n                        <!-- Bot\u00f3n de B\u00fasqueda -->\n                        <div class=\"col-12 col-md-auto\">\n                            <button class=\"btn boton text-white\">Buscar en esta categoria <i class=\"bi bi-search\"><\/i><\/button>\n                        <\/div>\n                    <\/div>\n                <\/form>\n\n\n                <div class=\"table-responsive\">\n                    <table class=\"table\">\n                        <thead>\n                            <tr>\n                                <th class=\"titulo-columna\" scope=\"col\">A\u00f1o<\/th>\n                                <th class=\"titulo-columna\">Descripci\u00f3n<\/th>\n                                <th class=\"titulo-columna\" scope=\"col\">Documento<\/th>\n                            <\/tr>\n                        <\/thead>\n                        <tbody>\n                                                                <tr>\n                                        <td>2025\/11<\/td>\n                                        <td>Informaci\u00f3n Estad\u00edstica &#8211; Renovaci\u00f3n &#8211; Noviembre<\/td>\n                                        <td>\n                                            <ul class=\"list-unstyled\">\n                                                <li><a href=\"https:\/\/www.seprec.gob.bo\/wp-content\/uploads\/2025\/12\/Informacion-ESTADISTICA-WEB-RENOV-NOV_v1.pdf\" target=\"_blank\"><i class=\"bi bi-file-earmark-pdf icono-pdf\"><\/i> Descargar archivo<\/a><\/li>\n                                            <\/ul>\n                                        <\/td>\n                                    <\/tr>\n                                                                    <tr>\n                                        <td>2025\/11<\/td>\n                                        <td>Informaci\u00f3n Estad\u00edstica &#8211; Base Empresarial &#8211; Noviembre<\/td>\n                                        <td>\n                                            <ul class=\"list-unstyled\">\n                                                <li><a href=\"https:\/\/www.seprec.gob.bo\/wp-content\/uploads\/2025\/12\/Informacion-ESTADISTICA-WEB-NOV_v1.pdf\" target=\"_blank\"><i class=\"bi bi-file-earmark-pdf icono-pdf\"><\/i> Descargar archivo<\/a><\/li>\n                                            <\/ul>\n                                        <\/td>\n                                    <\/tr>\n                                                                    <tr>\n                                        <td>2025\/11<\/td>\n                                        <td>Informaci\u00f3n Estad\u00edstica &#8211; Nuevas Unidades Econ\u00f3micas &#8211; Noviembre<\/td>\n                                        <td>\n                                            <ul class=\"list-unstyled\">\n                                                <li><a href=\"https:\/\/www.seprec.gob.bo\/wp-content\/uploads\/2025\/12\/Informacion-ESTADISTICA-WEB-NUEVAS-NOV_v1.pdf\" target=\"_blank\"><i class=\"bi bi-file-earmark-pdf icono-pdf\"><\/i> Descargar archivo<\/a><\/li>\n                                            <\/ul>\n                                        <\/td>\n                                    <\/tr>\n                                                        <\/tbody>\n                    <\/table>\n                <\/div>\n\n\n                <nav aria-label=\"...\">\n                    <ul class=\"custom-pagination pagination justify-content-center\">\n                                            <\/ul>\n                <\/nav>\n            <\/article>\n        <\/div>\n    <\/div>\n<\/div>        <\/section>\n        <\/div>\n\n\n<p><strong>Datos y Estad\u00edsticas Hist\u00f3ricos<\/strong><\/p>\n\n\n\n<p><\/p>\n","protected":false},"excerpt":{"rendered":"<p>Datos y Estad\u00edsticas Hist\u00f3ricos<\/p>\n","protected":false},"author":1,"featured_media":0,"parent":0,"menu_order":0,"comment_status":"closed","ping_status":"closed","template":"template\/datos-template.php","meta":{"_acf_changed":false,"footnotes":""},"class_list":["post-915","page","type-page","status-publish","hentry"],"acf":[],"_links":{"self":[{"href":"https:\/\/www.seprec.gob.bo\/index.php\/wp-json\/wp\/v2\/pages\/915","targetHints":{"allow":["GET"]}}],"collection":[{"href":"https:\/\/www.seprec.gob.bo\/index.php\/wp-json\/wp\/v2\/pages"}],"about":[{"href":"https:\/\/www.seprec.gob.bo\/index.php\/wp-json\/wp\/v2\/types\/page"}],"author":[{"embeddable":true,"href":"https:\/\/www.seprec.gob.bo\/index.php\/wp-json\/wp\/v2\/users\/1"}],"replies":[{"embeddable":true,"href":"https:\/\/www.seprec.gob.bo\/index.php\/wp-json\/wp\/v2\/comments?post=915"}],"version-history":[{"count":7,"href":"https:\/\/www.seprec.gob.bo\/index.php\/wp-json\/wp\/v2\/pages\/915\/revisions"}],"predecessor-version":[{"id":58057,"href":"https:\/\/www.seprec.gob.bo\/index.php\/wp-json\/wp\/v2\/pages\/915\/revisions\/58057"}],"wp:attachment":[{"href":"https:\/\/www.seprec.gob.bo\/index.php\/wp-json\/wp\/v2\/media?parent=915"}],"curies":[{"name":"wp","href":"https:\/\/api.w.org\/{rel}","templated":true}]}}