{"id":56351,"date":"2025-11-19T10:37:10","date_gmt":"2025-11-19T14:37:10","guid":{"rendered":"https:\/\/10.100.30.111\/?page_id=56351"},"modified":"2025-12-01T23:59:27","modified_gmt":"2025-12-02T03:59:27","slug":"tramite43","status":"publish","type":"page","link":"https:\/\/www.seprec.gob.bo\/index.php\/tramite43\/","title":{"rendered":"Tr\u00e1mite 43-\u00a0Liquidaci\u00f3n de Sociedad Comercial y Consiguiente Cancelaci\u00f3n de Matr\u00edcula de Comercio"},"content":{"rendered":"\n<div style=\"height:28px\" aria-hidden=\"true\" class=\"wp-block-spacer\"><\/div>\n\n\n\n<html lang=\"es\">\n<head>\n<meta charset=\"utf-8\" \/>\n<meta name=\"viewport\" content=\"width=device-width,initial-scale=1\" \/>\n<title>Accordion &#8211; ejemplo estilo SEPREC<\/title>\n\n<style>\n:root{--accent:#0b5ed7;--bg:#ffffff;--muted:#6b7280}\n.wrap{max-width:920px;margin:0 auto}\n\n\/* Accordion container *\/\n.accordion{\n    background:var(--bg);\n    border-radius:8px;\n    box-shadow:0 1px 0 rgba(16,24,40,0.04);\n    overflow:hidden\n}\n\n\/* Single item *\/\n.item{\n    border-top:1px solid #eef2f7;\n}\n.item:first-child{\n    border-top:0;\n}\n\n\/* Estado cerrado *\/\n.trigger{\n    display:flex;\n    align-items:center;\n    justify-content:space-between;\n    width:100%;\n    background:#004C71;                     \/* Color cuando est\u00e1 cerrado *\/\n    border:0;\n    padding:18px 20px;\n    cursor:pointer;\n    font-size:15px;\n    text-align:left;\n    transition: background .25s ease;       \/* Animaci\u00f3n *\/\n}\n\n\/* Estado abierto (color activo) *\/\n.item.active .trigger{\n    background:#004C71;                     \/* Color cuando se abre *\/\n}\n\n.trigger:focus{\n    outline:3px solid rgba(11,94,215,0.15);\n    outline-offset:2px\n}\n\n.title{display:flex;gap:12px;align-items:center}\n.title h3{margin:0;font-size:15px;color: aliceblue;}\n.meta{font-size:13px;color:var(--muted)}\n\n.chev{\n    width:18px;height:18px;\n    display:inline-block;\n    transition:transform .28s cubic-bezier(.2,.9,.2,1);\n    fill:none;\n    stroke:currentColor;\n    stroke-width:2;\n    color:#ffffff;\n}\n.item.active .chev{\n    transform:rotate(180deg);\n}\n\n.panel{\n    overflow:hidden;\n    max-height:0;\n    transition:max-height .32s ease;\n    padding:0 20px;\n    background: #EDEDED;\n}\n.panel-inner{\n    padding:16px 0;\n    border-top:1px dashed #eef2f7;\n    background:linear-gradient(180deg,rgba(0,0,0,0),rgba(0,0,0,0));\n}\n.panel p{margin:0 0 8px;color:#1f2937}\n.requirements{white-space:pre-wrap;color:#374151}\n\n@media (max-width:520px){\n    .trigger{padding:14px 16px}\n    .panel{padding:0 16px}\n}\n<\/style>\n<\/head>\n\n<body>\n<div class=\"wrap\">\n\n<div class=\"accordion\" id=\"tramites-accordion\">\n\n    <!-- ITEM 1 (ABIERTO POR DEFECTO) -->\n    <div class=\"item active\">\n        <button class=\"trigger\" aria-expanded=\"true\" aria-controls=\"panel-1\" id=\"trigger-1\">\n            <div class=\"title\"><h3>CONCEPTO<\/h3><\/div>\n            <svg class=\"chev\" viewBox=\"0 0 24 24\" aria-hidden=\"true\">\n                <path d=\"M6 9l6 6 6-6\" stroke-linecap=\"round\" stroke-linejoin=\"round\"><\/path>\n            <\/svg>\n        <\/button>\n        <div id=\"panel-1\" class=\"panel\" role=\"region\" aria-labelledby=\"trigger-1\">\n            <div class=\"panel-inner\">\n                Es el procedimiento t\u00e9cnico que se traduce en un conjunto de operaciones destinadas a la extinci\u00f3n de la sociedad, mediante la definici\u00f3n de los negocios pendientes, realizaci\u00f3n del activo y cancelaci\u00f3n del pasivo y finalmente la distribuci\u00f3n del patrimonio remanente, para producirse la consiguiente cancelaci\u00f3n de la inscripci\u00f3n en el Registro de Comercio y extinci\u00f3n de la personalidad jur\u00eddica de la sociedad.\n            <\/div>\n        <\/div>\n    <\/div>\n\n    <!-- ITEM 2 -->\n    <div class=\"item\">\n        <button class=\"trigger\" aria-expanded=\"false\" aria-controls=\"panel-2\" id=\"trigger-2\">\n            <div class=\"title\"><h3>MARCO LEGAL<\/h3><\/div>\n            <svg class=\"chev\" viewBox=\"0 0 24 24\" aria-hidden=\"true\">\n                <path d=\"M6 9l6 6 6-6\" stroke-linecap=\"round\" stroke-linejoin=\"round\"><\/path>\n            <\/svg>\n        <\/button>\n        <div id=\"panel-2\" class=\"panel\" role=\"region\" aria-labelledby=\"trigger-2\">\n            <div class=\"panel-inner\">\n                D.L. No. 14379 de 25 de febrero de 1977, C\u00f3digo de Comercio:<br><br>\n                Arts. 384 al 397.\n            <\/div>\n        <\/div>\n    <\/div>\n\n    <!-- ITEM 4 -->\n    <div class=\"item\">\n        <button class=\"trigger\" aria-expanded=\"false\" aria-controls=\"panel-4\" id=\"trigger-4\">\n            <div class=\"title\"><h3>REQUISITOS<\/h3><\/div>\n            <svg class=\"chev\" viewBox=\"0 0 24 24\" aria-hidden=\"true\">\n                <path d=\"M6 9l6 6 6-6\" stroke-linecap=\"round\" stroke-linejoin=\"round\"><\/path>\n            <\/svg>\n        <\/button>\n        <div id=\"panel-4\" class=\"panel\" role=\"region\" aria-labelledby=\"trigger-4\">\n            <div class=\"panel-inner\">\n                <b>REQUISITOS TR\u00c1MITE PRESENCIAL:<\/b>\n                <ol>\n                <li>Formulario Virtual de Registro con car\u00e1cter de declaraci\u00f3n jurada, debidamente llenado por el Representante Legal con aprobaci\u00f3n v\u00eda ciudadan\u00eda digital.<\/li>\n                <li>Balance original de liquidaci\u00f3n e inventario firmado por el o los liquidadores (es) y el profesional que interviene.<\/li>\n                <li>Balance original de cierre (final) firmado por el o los liquidadores (es) y el profesional que interviene. En el caso de sociedades por acciones tambi\u00e9n deber\u00e1 ser suscrito por el s\u00edndico.<\/li>\n                <li>Proyecto de distribuci\u00f3n de patrimonio.<\/li>\n                <li>Testimonio de escritura p\u00fablica de liquidaci\u00f3n, en original o fotocopia legalizada legible, en la que se transcriba lo siguiente:<\/li>\n                <ol>\n                <li>Acta de asamblea de socios o junta general extraordinaria de accionistas que apruebe la liquidaci\u00f3n de la sociedad, el balance final de liquidaci\u00f3n y el proyecto de distribuci\u00f3n del patrimonio.<\/li>\n                <li>Publicaci\u00f3n in extenso en la Gaceta Electr\u00f3nica del Registro de Comercio de Bolivia, del testimonio de liquidaci\u00f3n.<\/li>\n                <\/ol>\n                <li>Realizar el pago correspondiente a trav\u00e9s de la plataforma de pagos habilitada al efecto, para la Publicaci\u00f3n in extenso del Testimonio de Escritura P\u00fablica de Testimonio de Escritura P\u00fablica de Liquidaci\u00f3n en la Gaceta Electr\u00f3nica del Registro de Comercio<\/li>\n                <li>Testimonio de poder del liquidador en el que est\u00e9 inserta el acta de su nombramiento. Si el liquidador es extranjero al momento de llenar el formulario virtual de inscripci\u00f3n, cargar en formato PDF el documento que acredite la radicatoria en el pa\u00eds o la certificaci\u00f3n extendida por la Autoridad Migratoria Nacional.<\/li>\n                <li>En caso de entidades financieras establecidas en la Ley N.\u00b0 393 de Servicios Financieros, al momento de llenar el formulario web de solicitud de registro, cargar en formato PDF la autorizaci\u00f3n emitida por la Autoridad de Supervisi\u00f3n del Sistema Financiero.<\/li>\n                <li>Realizar el pago correspondiente a trav\u00e9s de la plataforma de pagos habilitada al efecto, para la publicaci\u00f3n in extenso en la Gaceta Electr\u00f3nica del Registro de Comercio de Bolivia, del acuerdo de distribuci\u00f3n conforme a lo dispuesto por el Art\u00edculo 392 del C\u00f3digo de Comercio. Requisito exigible \u00fanicamente en caso de existir distribuci\u00f3n.<\/li>\n                <li>Contar con la Matr\u00edcula de Comercio renovada<\/li>\n                <\/ol>\n                <b>REQUISITOS TR\u00c1MITE VIRTUAL:<\/b>   \n                <ol>\n                <li>Formulario Virtual de Registro con car\u00e1cter de declaraci\u00f3n jurada, debidamente llenado por el Representante Legal con aprobaci\u00f3n v\u00eda ciudadan\u00eda digital.<\/li>\n                <li>Cargar en formato PDF el Balance original de liquidaci\u00f3n e inventario firmado por el o los liquidadores(es) y el profesional que interviene.<\/li>\n                <li>Cargar en formato PDF el Balance original de cierre (final) firmado por el o los liquidadores(es) y el profesional que interviene. En el caso de sociedades por acciones tambi\u00e9n deber\u00e1 ser suscrito por el s\u00edndico.<\/li>\n                <li>Cargar en formato PDF el Proyecto de distribuci\u00f3n de patrimonio.<\/li>\n                <li>Obtener el Testimonio de escritura p\u00fablica de liquidaci\u00f3n, con firma digital del Notario de Fe P\u00fablica del SINPLU, en la que se transcriba lo siguiente:<\/li>\n                <ol>\n                <li>Acta de asamblea de socios o junta general extraordinaria de accionistas que apruebe la liquidaci\u00f3n de la sociedad, el balance final de liquidaci\u00f3n y el proyecto de distribuci\u00f3n del patrimonio.<\/li>\n                <\/ol>\n                <li>Realizar el pago correspondiente a trav\u00e9s de la plataforma de pagos habilitada al efecto, para la publicaci\u00f3n in extenso en la Gaceta Electr\u00f3nica del Registro de Comercio de Bolivia, del acuerdo de distribuci\u00f3n conforme a lo dispuesto por el Art\u00edculo 392 del C\u00f3digo de Comercio. Requisito exigible \u00fanicamente en caso de existir distribuci\u00f3n.<\/li>\n                <li>Cargar en formato PDF el Testimonio de poder del liquidador o comisi\u00f3n liquidadora con firma digital del Notario de Fe P\u00fablica, en el que se inserte el acta de su nombramiento. Si el liquidador es extranjero al momento de llenar el formulario virtual de inscripci\u00f3n, cargar en formato PDF el documento que acredite la radicatoria en el pa\u00eds o la certificaci\u00f3n extendida por la Autoridad Migratoria Nacional.<\/li>\n                <li>En caso de entidades financieras establecidas en la Ley N.\u00b0 393 de Servicios Financieros, al momento de llenar el formulario web de solicitud de registro, cargar en formato PDF la autorizaci\u00f3n emitida por la Autoridad de Supervisi\u00f3n del Sistema Financiero.<\/li>\n                <li>Realizar el pago correspondiente a trav\u00e9s de la plataforma de pagos habilitada al efecto, para la Publicaci\u00f3n in extenso del Testimonio de Escritura P\u00fablica de Testimonio de Escritura P\u00fablica de Liquidaci\u00f3n en la Gaceta Electr\u00f3nica del Registro de Comercio<\/li>\n                <li>Contar con la Matr\u00edcula de Comercio renovada.<\/li>\n                <\/ol>\n            <\/div>\n        <\/div>\n    <\/div>\n\n    <!-- ITEM 5 -->\n    <div class=\"item\">\n        <button class=\"trigger\" aria-expanded=\"false\" aria-controls=\"panel-5\" id=\"trigger-5\">\n            <div class=\"title\"><h3>PROCEDIMIENTO \u00daNICO<\/h3><\/div>\n            <svg class=\"chev\" viewBox=\"0 0 24 24\" aria-hidden=\"true\">\n                <path d=\"M6 9l6 6 6-6\" stroke-linecap=\"round\" stroke-linejoin=\"round\"><\/path>\n            <\/svg>\n        <\/button>\n        <div id=\"panel-5\" class=\"panel\" role=\"region\" aria-labelledby=\"trigger-5\">\n            <div class=\"panel-inner\">\n                <b>PROCEDIMIENTO PARA TR\u00c1MITE PRESENCIAL<\/b><br><br>\n                Ingresar al portal web https:\/\/tramites.seprec.gob.bo con credenciales de acceso del Representante Legal, v\u00eda ciudadan\u00eda digital .<br><br>\n                Llenar todos los campos del Formulario Virtual de Registro y cargar el\/los documentos de soporte seg\u00fan corresponda, y realizar el pago a trav\u00e9s de la plataforma de pagos habilitada al efecto.<br><br>\n                Realizado el pago, el usuario se apersona a Plataforma de Atenci\u00f3n Integral al Usuario para presentar la documentaci\u00f3n requerida.<br><br>\n                Una vez concluido el proceso, el Registro de Comercio realiza el an\u00e1lisis legal y si corresponde se registra el tr\u00e1mite. En caso de existir observaciones, las mismas pueden ser visualizadas en el portal de Tr\u00e1mites del SEPREC en la bandeja de \u201cOBSERVADOS\u201d en la que claramente se determinan las razones por las que el mismo ha sido observado.<br><br>\n                Cuando la observaci\u00f3n corresponda a los documentos notariales, podr\u00e1 subsanar mediante alguna de las siguientes opciones:<br><br>\n\n                Cargar en formato PDF el Testimonio de Escritura P\u00fablica, subsanado mediante nota marginal.<br>\n                Cargar en formato PDF el Testimonio de Escritura P\u00fablica de aclarativa, complementaci\u00f3n o modificaci\u00f3n al Testimonio observado, realizar el pago por su publicaci\u00f3n en la Gaceta Electr\u00f3nica del Registro de Comercio<br>\n                Cargar en formato PDF el nuevo Testimonio de Escritura P\u00fablica que subsane lo observado.<br><br>\n\n                En todos los casos deber\u00e1 presentar la documentaci\u00f3n en f\u00edsico en Plataforma.<br><br>\n                Si la observaci\u00f3n corresponde al Formulario Virtual, la correcci\u00f3n se debe realizar en l\u00ednea y posteriormente apersonarse por plataforma para su reingreso o solicitarlo mediante la l\u00ednea gratuita de atenci\u00f3n al usuario del SEPREC.<br><br>\n                Posteriormente se proceder\u00e1 al an\u00e1lisis legal para su registro u observaci\u00f3n seg\u00fan corresponda.<br><br>\n                El usuario podr\u00e1 obtener sus certificados, descargando los mismos desde la bandeja \u00abMIS CERTIFICADOS\u00bb del Portal de Tr\u00e1mites del SEPREC.<br><br>\n\n                <b>PROCEDIMIENTO TR\u00c1MITE VIRTUAL<\/b><br><br>\n\n                Ingresar al portal web https:\/\/tramites.seprec.gob.bo con credenciales de acceso del Representante Legal, v\u00eda ciudadan\u00eda digital .<br><br>\n                Llenar todos los campos del Formulario Virtual de Registro y obtener el\/los documentos de soporte del SINPLU, seg\u00fan corresponda y realizar el pago a trav\u00e9s de la plataforma de pagos habilitada al efecto.<br><br>\n                Una vez concluido el proceso, el Registro de Comercio realiza el an\u00e1lisis legal y si corresponde se registra el tr\u00e1mite. En caso de existir observaciones, las mismas pueden ser visualizadas en el portal de Tr\u00e1mites del SEPREC en la bandeja de \u201cOBSERVADOS\u201d en la que claramente se determinan las razones por las que el mismo ha sido observado.<br><br>\n                Cuando la observaci\u00f3n corresponda a los documentos notariales, podr\u00e1 subsanar mediante alguna de las siguientes opciones:<br><br>\n\n                Obtener en formato PDF el Testimonio de Escritura P\u00fablica con firma digital del Notario de Fe P\u00fablica, subsanado mediante nota marginal.<br>\n                Obtener en formato PDF en formato PDF el Testimonio de Escritura P\u00fablica de aclarativa, complementaci\u00f3n o modificaci\u00f3n con firma digital del Notario de Fe P\u00fablica, al Testimonio observado, realizar el pago por su publicaci\u00f3n en la Gaceta Electr\u00f3nica del Registro de Comercio<br>\n                Obtener en formato PDF el nuevo Testimonio de Escritura P\u00fablica con firma digital del Notario de Fe P\u00fablica, que subsane lo observado.<br><br>\n\n                Si la observaci\u00f3n corresponde al Formulario Virtual, la correcci\u00f3n se debe realizar en l\u00ednea para su reingreso.<br><br>\n                Posteriormente se proceder\u00e1 al an\u00e1lisis legal para su registro u observaci\u00f3n seg\u00fan corresponda.<br><br>\n                El usuario podr\u00e1 obtener sus certificados, descargando los mismos desde la bandeja \u00abMIS CERTIFICADOS\u00bb del Portal de Tr\u00e1mites del SEPREC.<br><br>\n            <\/div>\n        <\/div>\n    <\/div>\n\n    <!-- ITEM 6 -->\n    <div class=\"item\">\n        <button class=\"trigger\" aria-expanded=\"false\" aria-controls=\"panel-6\" id=\"trigger-6\">\n            <div class=\"title\"><h3>DOCUMENTO EMITIDO<\/h3><\/div>\n            <svg class=\"chev\" viewBox=\"0 0 24 24\" aria-hidden=\"true\">\n                <path d=\"M6 9l6 6 6-6\" stroke-linecap=\"round\" stroke-linejoin=\"round\"><\/path>\n            <\/svg>\n        <\/button>\n        <div id=\"panel-6\" class=\"panel\" role=\"region\" aria-labelledby=\"trigger-6\">\n            <div class=\"panel-inner\">\n                Certificado de Liquidaci\u00f3n de Sociedad Comercial y consiguiente Cancelaci\u00f3n de Matr\u00edcula de Comercio. (Con c\u00f3digo de validaci\u00f3n QR).\n            <\/div>\n        <\/div>\n    <\/div>\n\n    <!-- ITEM 7 -->\n    <div class=\"item\">\n        <button class=\"trigger\" aria-expanded=\"false\" aria-controls=\"panel-7\" id=\"trigger-7\">\n            <div class=\"title\"><h3>PLAZO DE TR\u00c1MITE<\/h3><\/div>\n            <svg class=\"chev\" viewBox=\"0 0 24 24\" aria-hidden=\"true\">\n                <path d=\"M6 9l6 6 6-6\" stroke-linecap=\"round\" stroke-linejoin=\"round\"><\/path>\n            <\/svg>\n        <\/button>\n        <div id=\"panel-7\" class=\"panel\" role=\"region\" aria-labelledby=\"trigger-7\">\n            <div class=\"panel-inner\">\n                Presencial: 24 horas desde el d\u00eda siguiente h\u00e1bil a la fecha de su presentaci\u00f3n en Plataforma.<br><br>\n                Virtual: 24 horas desde el d\u00eda siguiente h\u00e1bil a la fecha desde el llenado del formulario virtual de inscripci\u00f3n.\n            <\/div>\n        <\/div>\n    <\/div>\n\n    <!-- ITEM 8 -->\n    <div class=\"item\">\n        <button class=\"trigger\" aria-expanded=\"false\" aria-controls=\"panel-8\" id=\"trigger-8\">\n            <div class=\"title\"><h3>COSTO<\/h3><\/div>\n            <svg class=\"chev\" viewBox=\"0 0 24 24\" aria-hidden=\"true\">\n                <path d=\"M6 9l6 6 6-6\" stroke-linecap=\"round\" stroke-linejoin=\"round\"><\/path>\n            <\/svg>\n        <\/button>\n        <div id=\"panel-8\" class=\"panel\" role=\"region\" aria-labelledby=\"trigger-8\">\n            <div class=\"panel-inner\">\n                Sociedad de Responsabilidad Limitada, Sociedad Colectiva y Sociedad Comandita Simple:<br>\n                Bs680,50.- (Seiscientos Ochenta 50\/100 bolivianos).<br><br>\n                Sociedad An\u00f3nima, Sociedad de Econom\u00eda Mixta y Sociedad en Comandita por Acciones:<br>\n                Bs875.- (Ochocientos Setenta y Cinco 00\/100 bolivianos).<br><br>\n                Publicaci\u00f3n en la Gaceta Electr\u00f3nica del Registro de Comercio:<br>\n                Bs192,00 (Ciento noventa y dos 00\/100 bolivianos).<br>\n            <\/div>\n        <\/div>\n    <\/div>\n\n<\/div>\n\n<script>\n\/\/ Accordion behaviour\n(function(){\nconst accordion = document.getElementById('tramites-accordion');\nconst triggers = accordion.querySelectorAll('.trigger');\n\nfunction closePanel(panel){\n    panel.style.maxHeight = null;\n    const tr = accordion.querySelector('[aria-controls=\"'+panel.id+'\"]');\n    if(tr) tr.setAttribute('aria-expanded','false');\n}\n\nfunction openPanel(panel){\n    panel.style.maxHeight = panel.scrollHeight + 'px';\n    const tr = accordion.querySelector('[aria-controls=\"'+panel.id+'\"]');\n    if(tr) tr.setAttribute('aria-expanded','true');\n}\n\naccordion.querySelectorAll('.panel').forEach(p => p.style.maxHeight = null);\n\ntriggers.forEach(btn => {\n    const panel = document.getElementById(btn.getAttribute('aria-controls'));\n\n    btn.addEventListener('click', () => {\n        const expanded = btn.getAttribute('aria-expanded') === 'true';\n\n        \/\/ remover clase .active de todos los items\n        accordion.querySelectorAll('.item').forEach(i => i.classList.remove('active'));\n\n        \/\/ cerrar todos\n        accordion.querySelectorAll('.panel').forEach(p => closePanel(p));\n\n        if (!expanded) {\n            openPanel(panel);\n            btn.closest('.item').classList.add('active');\n            btn.scrollIntoView({behavior:'smooth', block:'nearest'});\n        }\n    });\n\n    btn.addEventListener('keydown', (e)=>{\n        const key = e.key;\n        const items = Array.from(triggers);\n        const idx = items.indexOf(btn);\n\n        if(key === 'ArrowDown'){e.preventDefault();items[(idx+1)%items.length].focus();}\n        else if(key === 'ArrowUp'){e.preventDefault();items[(idx-1+items.length)%items.length].focus();}\n        else if(key === 'Home'){e.preventDefault();items[0].focus();}\n        else if(key === 'End'){e.preventDefault();items[items.length-1].focus();}\n        else if(key === 'Enter' || key === ' '){e.preventDefault();btn.click();}\n    });\n});\n\n\/\/ Abrir autom\u00e1ticamente el primer item al cargar la p\u00e1gina\nwindow.addEventListener('DOMContentLoaded', () => {\n    const firstItem = accordion.querySelector('.item.active');\n    if(firstItem){\n        const firstPanel = firstItem.querySelector('.panel');\n        firstPanel.style.maxHeight = firstPanel.scrollHeight + 'px';\n    }\n});\n\n\/\/ Ajustar altura si la ventana cambia\nwindow.addEventListener('resize', () => {\n    const openPanelEl = accordion.querySelector('.panel[style]');\n    if (openPanelEl) {\n        openPanelEl.style.maxHeight = openPanelEl.scrollHeight + 'px';\n    }\n});\n})();\n<\/script>\n\n<\/body>\n<\/html>\n\n\n\n<div style=\"height:37px\" aria-hidden=\"true\" class=\"wp-block-spacer\"><\/div>\n\n\n\n<div class=\"wp-block-buttons is-content-justification-space-between is-layout-flex wp-container-core-buttons-is-layout-3d213aab wp-block-buttons-is-layout-flex\">\n<div class=\"wp-block-button\"><a class=\"wp-block-button__link wp-element-button\" href=\"https:\/\/www.seprec.gob.bo\/index.php\/lista-servicios-page\/\">Ver todos los tr\u00e1mites<\/a><\/div>\n\n\n\n<div class=\"wp-block-button\"><a class=\"wp-block-button__link wp-element-button\" href=\"https:\/\/tramites.seprec.gob.bo\/#\/login\">Iniciar Tr\u00e1mite<\/a><\/div>\n<\/div>\n","protected":false},"excerpt":{"rendered":"<p>Accordion &#8211; ejemplo estilo SEPREC CONCEPTO Es el procedimiento t\u00e9cnico que se traduce en un conjunto de operaciones destinadas a la extinci\u00f3n de la sociedad, mediante la definici\u00f3n de los negocios pendientes, realizaci\u00f3n del activo y cancelaci\u00f3n del pasivo y finalmente la distribuci\u00f3n del patrimonio remanente, para producirse la consiguiente cancelaci\u00f3n de la inscripci\u00f3n en [&hellip;]<\/p>\n","protected":false},"author":1,"featured_media":0,"parent":0,"menu_order":0,"comment_status":"closed","ping_status":"closed","template":"","meta":{"_acf_changed":false,"footnotes":""},"class_list":["post-56351","page","type-page","status-publish","hentry"],"acf":[],"_links":{"self":[{"href":"https:\/\/www.seprec.gob.bo\/index.php\/wp-json\/wp\/v2\/pages\/56351","targetHints":{"allow":["GET"]}}],"collection":[{"href":"https:\/\/www.seprec.gob.bo\/index.php\/wp-json\/wp\/v2\/pages"}],"about":[{"href":"https:\/\/www.seprec.gob.bo\/index.php\/wp-json\/wp\/v2\/types\/page"}],"author":[{"embeddable":true,"href":"https:\/\/www.seprec.gob.bo\/index.php\/wp-json\/wp\/v2\/users\/1"}],"replies":[{"embeddable":true,"href":"https:\/\/www.seprec.gob.bo\/index.php\/wp-json\/wp\/v2\/comments?post=56351"}],"version-history":[{"count":4,"href":"https:\/\/www.seprec.gob.bo\/index.php\/wp-json\/wp\/v2\/pages\/56351\/revisions"}],"predecessor-version":[{"id":57980,"href":"https:\/\/www.seprec.gob.bo\/index.php\/wp-json\/wp\/v2\/pages\/56351\/revisions\/57980"}],"wp:attachment":[{"href":"https:\/\/www.seprec.gob.bo\/index.php\/wp-json\/wp\/v2\/media?parent=56351"}],"curies":[{"name":"wp","href":"https:\/\/api.w.org\/{rel}","templated":true}]}}