{"id":56277,"date":"2025-11-19T10:31:17","date_gmt":"2025-11-19T14:31:17","guid":{"rendered":"https:\/\/10.100.30.111\/?page_id=56277"},"modified":"2025-12-02T00:08:09","modified_gmt":"2025-12-02T04:08:09","slug":"tramite6","status":"publish","type":"page","link":"https:\/\/www.seprec.gob.bo\/index.php\/tramite6\/","title":{"rendered":"Tr\u00e1mite 6-\u00a0Inscripci\u00f3n de Entidad Financiera de Vivienda"},"content":{"rendered":"\n<div style=\"height:34px\" aria-hidden=\"true\" class=\"wp-block-spacer\"><\/div>\n\n\n\n<html lang=\"es\">\n<head>\n<meta charset=\"utf-8\" \/>\n<meta name=\"viewport\" content=\"width=device-width,initial-scale=1\" \/>\n<title>Accordion &#8211; ejemplo estilo SEPREC<\/title>\n\n<style>\n:root{--accent:#0b5ed7;--bg:#ffffff;--muted:#6b7280}\n.wrap{max-width:920px;margin:0 auto}\n\n\/* Accordion container *\/\n.accordion{\n    background:var(--bg);\n    border-radius:8px;\n    box-shadow:0 1px 0 rgba(16,24,40,0.04);\n    overflow:hidden\n}\n\n\/* Single item *\/\n.item{\n    border-top:1px solid #eef2f7;\n}\n.item:first-child{\n    border-top:0;\n}\n\n\/* Estado cerrado *\/\n.trigger{\n    display:flex;\n    align-items:center;\n    justify-content:space-between;\n    width:100%;\n    background:#004C71;                     \/* Color cuando est\u00e1 cerrado *\/\n    border:0;\n    padding:18px 20px;\n    cursor:pointer;\n    font-size:15px;\n    text-align:left;\n    transition: background .25s ease;       \/* Animaci\u00f3n *\/\n}\n\n\/* Estado abierto (color activo) *\/\n.item.active .trigger{\n    background:#004C71;                     \/* Color cuando se abre *\/\n}\n\n.trigger:focus{\n    outline:3px solid rgba(11,94,215,0.15);\n    outline-offset:2px\n}\n\n.title{display:flex;gap:12px;align-items:center}\n.title h3{margin:0;font-size:15px;color: aliceblue;}\n.meta{font-size:13px;color:var(--muted)}\n\n.chev{\n    width:18px;height:18px;\n    display:inline-block;\n    transition:transform .28s cubic-bezier(.2,.9,.2,1);\n    fill:none;\n    stroke:currentColor;\n    stroke-width:2;\n    color:#ffffff;\n}\n.item.active .chev{\n    transform:rotate(180deg);\n}\n\n.panel{\n    overflow:hidden;\n    max-height:0;\n    transition:max-height .32s ease;\n    padding:0 20px;\n    background: #EDEDED;\n}\n.panel-inner{\n    padding:16px 0;\n    border-top:1px dashed #eef2f7;\n    background:linear-gradient(180deg,rgba(0,0,0,0),rgba(0,0,0,0));\n}\n.panel p{margin:0 0 8px;color:#1f2937}\n.requirements{white-space:pre-wrap;color:#374151}\n\n@media (max-width:520px){\n    .trigger{padding:14px 16px}\n    .panel{padding:0 16px}\n}\n<\/style>\n<\/head>\n\n<body>\n<div class=\"wrap\">\n\n<div class=\"accordion\" id=\"tramites-accordion\">\n\n    <!-- ITEM 1 (ABIERTO POR DEFECTO) -->\n    <div class=\"item active\">\n        <button class=\"trigger\" aria-expanded=\"true\" aria-controls=\"panel-1\" id=\"trigger-1\">\n            <div class=\"title\"><h3>CONCEPTO<\/h3><\/div>\n            <svg class=\"chev\" viewBox=\"0 0 24 24\" aria-hidden=\"true\">\n                <path d=\"M6 9l6 6 6-6\" stroke-linecap=\"round\" stroke-linejoin=\"round\"><\/path>\n            <\/svg>\n        <\/button>\n        <div id=\"panel-1\" class=\"panel\" role=\"region\" aria-labelledby=\"trigger-1\">\n            <div class=\"panel-inner\">\n                La Entidad Financiera de Vivienda, es una Sociedad que tiene por objeto prestar Servicios de Intermediaci\u00f3n Financiera con especializaci\u00f3n en pr\u00e9stamos para adquisici\u00f3n de vivienda; proyectos de construcci\u00f3n de vivienda unifamiliar o multifamiliar; compra de terrenos; refacci\u00f3n, remodelaci\u00f3n, ampliaci\u00f3n y mejoramiento de viviendas individuales o en propiedad horizontal y otorgamiento de microcr\u00e9dito para vivienda familiar y para infraestructura de vivienda productiva, as\u00ed como tambi\u00e9n operaciones de arrendamiento financiero habitacional.\n            <\/div>\n        <\/div>\n    <\/div>\n\n    <!-- ITEM 2 -->\n    <div class=\"item\">\n        <button class=\"trigger\" aria-expanded=\"false\" aria-controls=\"panel-2\" id=\"trigger-2\">\n            <div class=\"title\"><h3>MARCO LEGAL<\/h3><\/div>\n            <svg class=\"chev\" viewBox=\"0 0 24 24\" aria-hidden=\"true\">\n                <path d=\"M6 9l6 6 6-6\" stroke-linecap=\"round\" stroke-linejoin=\"round\"><\/path>\n            <\/svg>\n        <\/button>\n        <div id=\"panel-2\" class=\"panel\" role=\"region\" aria-labelledby=\"trigger-2\">\n            <div class=\"panel-inner\">\n                D.L. No. 14379 de 25 de febrero de 1977, C\u00f3digo de Comercio:<br>\n                Art\u00edculo 127<br><br>\n                Ley No. 393 de 21 de agosto de 2013, Ley de Servicios Financieros:<br>\n                Art\u00edculos 117, 118, 119 y 151<br>\n            <\/div>\n        <\/div>\n    <\/div>\n\n    <!-- ITEM 3 -->\n    <div class=\"item\">\n        <button class=\"trigger\" aria-expanded=\"false\" aria-controls=\"panel-3\" id=\"trigger-3\">\n            <div class=\"title\"><h3>RESERVA DE NOMBRE<\/h3><\/div>\n            <svg class=\"chev\" viewBox=\"0 0 24 24\" aria-hidden=\"true\">\n                <path d=\"M6 9l6 6 6-6\" stroke-linecap=\"round\" stroke-linejoin=\"round\"><\/path>\n            <\/svg>\n        <\/button>\n        <div id=\"panel-3\" class=\"panel\" role=\"region\" aria-labelledby=\"trigger-3\">\n            <div class=\"panel-inner\">\n                20 d\u00edas h\u00e1biles administrativos, a partir del d\u00eda siguiente desde la confirmaci\u00f3n de la disponibilidad del nombre.\n            <\/div>\n        <\/div>\n    <\/div>\n\n    <!-- ITEM 4 -->\n    <div class=\"item\">\n        <button class=\"trigger\" aria-expanded=\"false\" aria-controls=\"panel-4\" id=\"trigger-4\">\n            <div class=\"title\"><h3>REQUISITOS<\/h3><\/div>\n            <svg class=\"chev\" viewBox=\"0 0 24 24\" aria-hidden=\"true\">\n                <path d=\"M6 9l6 6 6-6\" stroke-linecap=\"round\" stroke-linejoin=\"round\"><\/path>\n            <\/svg>\n        <\/button>\n        <div id=\"panel-4\" class=\"panel\" role=\"region\" aria-labelledby=\"trigger-4\">\n            <div class=\"panel-inner\">\n                <b>REQUISITOS TR\u00c1MITE PRESENCIAL<\/b>\n                <ol>\n                <li>Formulario Virtual de Inscripci\u00f3n con car\u00e1cter de declaraci\u00f3n jurada, debidamente llenado por el Representante Legal con aprobaci\u00f3n v\u00eda ciudadan\u00eda digital.<\/li>\n                <li>Al momento de llenar el Formulario Virtual de Inscripci\u00f3n, cargar en formato PDF la autorizaci\u00f3n correspondiente emitida por la Autoridad de Supervisi\u00f3n del Sistema Financiero \u2013 ASFI.<\/li>\n                <li>Testimonio de Escritura P\u00fablica de Constituci\u00f3n Social, en original o fotocopia legalizada legible, con la inserci\u00f3n del Acta de Fundaci\u00f3n de la Sociedad que contenga la Resoluci\u00f3n de Aprobaci\u00f3n de Estatutos y designaci\u00f3n del Directorio provisional.<\/li>\n                <li>Estatuto de la Sociedad, el mismo que puede ser insertado en la Escritura P\u00fablica de Constituci\u00f3n Social o instrumentalizado por separado mediante Testimonio Notarial en original o fotocopia legalizada.<\/li>\n                <li>Testimonio de Escritura P\u00fablica de Poder del Representante Legal original o fotocopia legalizada legible, para el caso en el que la Escritura P\u00fablica de Constituci\u00f3n Social no determine el nombramiento del mismo. No se requiere la inclusi\u00f3n del Acta de Junta. Si el Representante Legal es extranjero, al momento de llenar el Formulario Virtual de Inscripci\u00f3n, cargar en formato PDF el documento que acredite la radicatoria en el pa\u00eds o la certificaci\u00f3n extendida por la Autoridad Migratoria Nacional.<\/li>\n                <li>Realizar el pago correspondiente del tr\u00e1mite y la Publicaci\u00f3n in extenso del Testimonio de Escritura P\u00fablica de Constituci\u00f3n en la Gaceta Electr\u00f3nica del Registro de Comercio, a trav\u00e9s de la plataforma de pagos habilitada al efecto<\/li>\n                <\/ol>\n                <b>REQUISITOS TR\u00c1MITE VIRTUAL<\/b>\n                <ol>\n                <li>Formulario Virtual de Inscripci\u00f3n con car\u00e1cter de declaraci\u00f3n jurada, debidamente llenado por el Representante Legal con aprobaci\u00f3n v\u00eda ciudadan\u00eda digital.<\/li>\n                <li>Al momento de llenar el Formulario Virtual de Inscripci\u00f3n, cargar en formato PDF la autorizaci\u00f3n de la Autoridad de Supervisi\u00f3n del Sistema Financiero.<\/li>\n                <li>Obtener el Testimonio de Escritura P\u00fablica de Constituci\u00f3n Social en formato PDF, con firma digital del Notario de Fe P\u00fablica del SINPLU, con la inserci\u00f3n del Acta de Fundaci\u00f3n de la Sociedad que contenga la resoluci\u00f3n de aprobaci\u00f3n de estatutos y designaci\u00f3n del directorio provisional.<\/li>\n                <li>Obtener el Estatuto de la Sociedad en formato PDF con firma digital del Notario de Fe P\u00fablica del SINPLU, el mismo puede ser insertado en la Escritura P\u00fablica de Constituci\u00f3n Social o instrumentalizado por separado mediante Testimonio Notarial.<\/li>\n                <li>Obtener el Testimonio de Escritura P\u00fablica de Poder del Representante Legal, en formato PDF con firma digital del Notario de Fe P\u00fablica del SINPLU, cuando el Testimonio de Escritura P\u00fablica de Constituci\u00f3n Social no determine el nombramiento del mismo. No se requiere la inclusi\u00f3n del Acta de Junta. Si el Representante Legal es extranjero, al momento de llenar el Formulario Virtual de Inscripci\u00f3n, cargar en formato PDF el documento que acredite la radicatoria en el pa\u00eds o la certificaci\u00f3n extendida por la Autoridad Migratoria Nacional.<\/li>\n                <li>Realizar el pago correspondiente del tr\u00e1mite y la Publicaci\u00f3n in extenso del Testimonio de Escritura P\u00fablica de Constituci\u00f3n en la Gaceta Electr\u00f3nica del Registro de Comercio, a trav\u00e9s de la plataforma de pagos habilitada al efecto<\/li>\n                <\/ol>\n            <\/div>\n        <\/div>\n    <\/div>\n\n    <!-- ITEM 5 -->\n    <div class=\"item\">\n        <button class=\"trigger\" aria-expanded=\"false\" aria-controls=\"panel-5\" id=\"trigger-5\">\n            <div class=\"title\"><h3>PROCEDIMIENTO \u00daNICO<\/h3><\/div>\n            <svg class=\"chev\" viewBox=\"0 0 24 24\" aria-hidden=\"true\">\n                <path d=\"M6 9l6 6 6-6\" stroke-linecap=\"round\" stroke-linejoin=\"round\"><\/path>\n            <\/svg>\n        <\/button>\n        <div id=\"panel-5\" class=\"panel\" role=\"region\" aria-labelledby=\"trigger-5\">\n            <div class=\"panel-inner\">\n                <b>PROCEDIMIENTO TR\u00c1MITE PRESENCIAL<\/b><br><br>\n                Ingresar al portal web <a href=\"https:\/\/tramites.seprec.gob.bo\">https:\/\/tramites.seprec.gob.bo<\/a> con credenciales de acceso del Representante Legal, v\u00eda ciudadan\u00eda digital.<br><br>\n                Llenar el formulario virtual para realizar el control de homonimia a cargo del SEPREC. Una vez llenado, deber\u00e1 proceder al pago del tr\u00e1mite de inscripci\u00f3n de sociedad comercial conforme el costo establecido en la Gu\u00eda de Tr\u00e1mites del Registro de Comercio.<br><br>\n                En el plazo m\u00e1ximo de 8 horas h\u00e1biles administrativas a partir del pago:<br><br>\n                > Si el nombre se encuentra disponible, recibir\u00e1 un correo para continuar con el llenado del formulario virtual de solicitud de inscripci\u00f3n, a partir de esta acci\u00f3n el nombre quedar\u00e1 reservado. Posteriormente debe presentar la documentaci\u00f3n correspondiente en f\u00edsico en cualquiera de las plataformas del SEPREC a nivel nacional.<br><br>\n                Tomar en cuenta que debe consolidar el ingreso del tr\u00e1mite en el plazo de reserva establecido, caso contrario expira la reserva y deber\u00e1 iniciar el control de homonimia nuevamente, sin necesidad de realizar un nuevo pago por el tr\u00e1mite de inscripci\u00f3n de sociedad comercial.<br><br>\n                -> Si el nombre no se encuentre disponible, podr\u00e1 revisar la observaci\u00f3n en su bandeja de ciudadan\u00eda digital, para llenar nuevamente el formulario virtual con un nuevo nombre propuesto.<br><br>\n                Realizado el control de homonimia, debe llenar todos los campos restantes del Formulario Virtual de Inscripci\u00f3n incluyendo el cargado del\/los documentos de soporte en formato PDF y el usuario se apersona a Plataforma de Atenci\u00f3n Integral al Usuario para presentar la documentaci\u00f3n requerida, se debe presentar el mismo documento cargado en PDF.<br><br>\n                Una vez concluido el proceso, el Registro de Comercio realiza el an\u00e1lisis legal y si corresponde se inscribe el tr\u00e1mite. En caso de existir observaciones, las mismas pueden ser visualizadas en el portal de Tr\u00e1mites del SEPREC en la bandeja de \u201cOBSERVADOS\u201d en la que claramente se determinan las razones por las que el mismo ha sido observado.<br><br>\n                Cuando la observaci\u00f3n corresponda a los documentos notariales, podr\u00e1 subsanar mediante alguna de las siguientes opciones:<br><br>\n                <ul>\n                <li>Cargar en formato PDF el Testimonio de Escritura P\u00fablica, subsanado mediante nota marginal.<\/li>\n                <li>Cargar en formato PDF el Testimonio de Escritura P\u00fablica de aclarativa, complementaci\u00f3n o modificaci\u00f3n al Testimonio observado, realizar el pago por su publicaci\u00f3n en la Gaceta Electr\u00f3nica del Registro de Comercio<\/li>\n                <li>Cargar en formato PDF el nuevo Testimonio de Escritura P\u00fablica que subsane lo observado.<\/li>\n                <\/ul>\n                En todos los casos deber\u00e1 presentar la documentaci\u00f3n en f\u00edsico en Plataforma.<br><br>\n                Si la observaci\u00f3n corresponde al Formulario Virtual, la correcci\u00f3n se debe realizar en l\u00ednea y posteriormente apersonarse por plataforma para su reingreso o solicitarlo mediante la l\u00ednea gratuita de atenci\u00f3n al usuario del SEPREC.<br><br>\n                Posteriormente se proceder\u00e1 al an\u00e1lisis legal para su inscripci\u00f3n u observaci\u00f3n seg\u00fan corresponda.<br><br>\n                El usuario podr\u00e1 obtener sus certificados, descargando los mismos desde la bandeja \u00abMIS CERTIFICADOS\u00bb del Portal de Tr\u00e1mites del SEPREC.<br><br>\n\n                <b>PROCEDIMIENTO TR\u00c1MITE VIRTUAL<\/b><br><br>\n                Ingresar al portal web <a href=\"https:\/\/tramites.seprec.gob.bo\">https:\/\/tramites.seprec.gob.bo<\/a> con credenciales de acceso del Representante Legal, v\u00eda ciudadan\u00eda digital .<br><br>\n                Llenar el formulario virtual para realizar el control de homonimia a cargo del SEPREC. Una vez llenado, deber\u00e1 proceder al pago del tr\u00e1mite de inscripci\u00f3n de sociedad comercial conforme el costo establecido en la Gu\u00eda de Tr\u00e1mites del Registro de Comercio.<br><br>\n                En el plazo m\u00e1ximo de 8 horas h\u00e1biles administrativas a partir del pago:<br><br>\n                > Si el nombre se encuentra disponible, recibir\u00e1 un correo para continuar con el llenado del formulario virtual de solicitud de inscripci\u00f3n, a partir de esta acci\u00f3n el nombre quedar\u00e1 reservado. Posteriormente debe presentar la documentaci\u00f3n correspondiente en f\u00edsico en cualquiera de las plataformas del SEPREC a nivel nacional.<br><br>\n                Tomar en cuenta que debe consolidar el ingreso del tr\u00e1mite en el plazo de reserva establecido, caso contrario expira la reserva y deber\u00e1 iniciar el control de homonimia nuevamente, sin necesidad de realizar un nuevo pago por el tr\u00e1mite de inscripci\u00f3n de sociedad comercial.<br><br>\n                -> Si el nombre no se encuentra disponible, podr\u00e1 revisar la observaci\u00f3n en su bandeja de ciudadan\u00eda digital, para llenar nuevamente el formulario virtual con un nuevo nombre propuesto.<br><br>\n                Realizado el control de homonimia, debe llenar todos los campos del Formulario Virtual de Inscripci\u00f3n y obtener el\/los documentos de soporte del SINPLU, seg\u00fan corresponda.<br><br>\n                Una vez concluido el proceso, el Registro de Comercio realiza el an\u00e1lisis legal y si corresponde se inscribe el tr\u00e1mite. En caso de existir observaciones, las mismas pueden ser visualizadas en el portal de Tr\u00e1mites del SEPREC en la bandeja de \u201cOBSERVADOS\u201d en la que claramente se determinan las razones por las que el mismo ha sido observado.<br><br>\n                Cuando la observaci\u00f3n corresponda a los documentos notariales, podr\u00e1 subsanar mediante alguna de las siguientes opciones:<br><br>\n                <ul>\n                <li>Obtener en formato PDF el Testimonio de Escritura P\u00fablica con firma digital del Notario de Fe P\u00fablica, subsanado mediante nota marginal.<\/li>\n                <li>Obtener en formato PDF en formato PDF el Testimonio de Escritura P\u00fablica de aclarativa, complementaci\u00f3n o modificaci\u00f3n con firma digital del Notario de Fe P\u00fablica, al Testimonio observado, realizar el pago por su publicaci\u00f3n en la Gaceta Electr\u00f3nica del Registro de Comercio<\/li>\n                <li>Obtener en formato PDF el nuevo Testimonio de Escritura P\u00fablica con firma digital del Notario de Fe P\u00fablica, que subsane lo observado.<\/li>\n                <\/ul>\n                Si la observaci\u00f3n corresponde al Formulario Virtual, la correcci\u00f3n se debe realizar en l\u00ednea para su reingreso.<br><br>\n                Posteriormente se proceder\u00e1 al an\u00e1lisis legal para su inscripci\u00f3n u observaci\u00f3n seg\u00fan corresponda.<br><br>\n                El usuario podr\u00e1 obtener sus certificados, descargando los mismos desde la bandeja \u00abMIS CERTIFICADOS\u00bb del Portal de Tr\u00e1mites del SEPREC.<br>\n            <\/div>\n        <\/div>\n    <\/div>\n\n    <!-- ITEM 6 -->\n    <div class=\"item\">\n        <button class=\"trigger\" aria-expanded=\"false\" aria-controls=\"panel-6\" id=\"trigger-6\">\n            <div class=\"title\"><h3>DOCUMENTO EMITIDO<\/h3><\/div>\n            <svg class=\"chev\" viewBox=\"0 0 24 24\" aria-hidden=\"true\">\n                <path d=\"M6 9l6 6 6-6\" stroke-linecap=\"round\" stroke-linejoin=\"round\"><\/path>\n            <\/svg>\n        <\/button>\n        <div id=\"panel-6\" class=\"panel\" role=\"region\" aria-labelledby=\"trigger-6\">\n            <div class=\"panel-inner\">\n                <ul>\n                <li>Certificado de Matr\u00edcula de Comercio<\/li>\n                <li>Certificado de Registro de Testimonio de Constituci\u00f3n<\/li>\n                <li>Certificado de Registro de Testimonio de Poder<\/li>\n                <li>En caso que los Estatutos consten en un instrumento separado al de la constituci\u00f3n se extender\u00e1 el Certificado de Registro de Estatutos (Todos con c\u00f3digo de validaci\u00f3n QR)<\/li>\n                <\/ul>\n            <\/div>\n        <\/div>\n    <\/div>\n\n    <!-- ITEM 7 -->\n    <div class=\"item\">\n        <button class=\"trigger\" aria-expanded=\"false\" aria-controls=\"panel-7\" id=\"trigger-7\">\n            <div class=\"title\"><h3>PLAZO DE TR\u00c1MITE<\/h3><\/div>\n            <svg class=\"chev\" viewBox=\"0 0 24 24\" aria-hidden=\"true\">\n                <path d=\"M6 9l6 6 6-6\" stroke-linecap=\"round\" stroke-linejoin=\"round\"><\/path>\n            <\/svg>\n        <\/button>\n        <div id=\"panel-7\" class=\"panel\" role=\"region\" aria-labelledby=\"trigger-7\">\n            <div class=\"panel-inner\">\n                Presencial: 24 horas desde el d\u00eda siguiente h\u00e1bil a la fecha de su presentaci\u00f3n en Plataforma.<br><br>\n                Virtual: 24 horas desde el d\u00eda siguiente h\u00e1bil a la fecha desde el llenado del formulario virtual de inscripci\u00f3n.\n            <\/div>\n        <\/div>\n    <\/div>\n\n    <!-- ITEM 8 -->\n    <div class=\"item\">\n        <button class=\"trigger\" aria-expanded=\"false\" aria-controls=\"panel-8\" id=\"trigger-8\">\n            <div class=\"title\"><h3>COSTO<\/h3><\/div>\n            <svg class=\"chev\" viewBox=\"0 0 24 24\" aria-hidden=\"true\">\n                <path d=\"M6 9l6 6 6-6\" stroke-linecap=\"round\" stroke-linejoin=\"round\"><\/path>\n            <\/svg>\n        <\/button>\n        <div id=\"panel-8\" class=\"panel\" role=\"region\" aria-labelledby=\"trigger-8\">\n            <div class=\"panel-inner\">\n                Entidad Financiera de Vivienda (EFV):<br>\n                Bs584,50 (Quinientos ochenta y cuatro 50\/100 bolivianos).<br><br>\n                Publicaci\u00f3n en la Gaceta Electr\u00f3nica del Registro de Comercio:<br>\n                Bs192,00 (Ciento noventa y dos 00\/100 bolivianos).<br>\n            <\/div>\n        <\/div>\n    <\/div>\n\n<\/div>\n\n<script>\n\/\/ Accordion behaviour\n(function(){\nconst accordion = document.getElementById('tramites-accordion');\nconst triggers = accordion.querySelectorAll('.trigger');\n\nfunction closePanel(panel){\n    panel.style.maxHeight = null;\n    const tr = accordion.querySelector('[aria-controls=\"'+panel.id+'\"]');\n    if(tr) tr.setAttribute('aria-expanded','false');\n}\n\nfunction openPanel(panel){\n    panel.style.maxHeight = panel.scrollHeight + 'px';\n    const tr = accordion.querySelector('[aria-controls=\"'+panel.id+'\"]');\n    if(tr) tr.setAttribute('aria-expanded','true');\n}\n\naccordion.querySelectorAll('.panel').forEach(p => p.style.maxHeight = null);\n\ntriggers.forEach(btn => {\n    const panel = document.getElementById(btn.getAttribute('aria-controls'));\n\n    btn.addEventListener('click', () => {\n        const expanded = btn.getAttribute('aria-expanded') === 'true';\n\n        \/\/ remover clase .active de todos los items\n        accordion.querySelectorAll('.item').forEach(i => i.classList.remove('active'));\n\n        \/\/ cerrar todos\n        accordion.querySelectorAll('.panel').forEach(p => closePanel(p));\n\n        if (!expanded) {\n            openPanel(panel);\n            btn.closest('.item').classList.add('active');\n            btn.scrollIntoView({behavior:'smooth', block:'nearest'});\n        }\n    });\n\n    btn.addEventListener('keydown', (e)=>{\n        const key = e.key;\n        const items = Array.from(triggers);\n        const idx = items.indexOf(btn);\n\n        if(key === 'ArrowDown'){e.preventDefault();items[(idx+1)%items.length].focus();}\n        else if(key === 'ArrowUp'){e.preventDefault();items[(idx-1+items.length)%items.length].focus();}\n        else if(key === 'Home'){e.preventDefault();items[0].focus();}\n        else if(key === 'End'){e.preventDefault();items[items.length-1].focus();}\n        else if(key === 'Enter' || key === ' '){e.preventDefault();btn.click();}\n    });\n});\n\n\/\/ Abrir autom\u00e1ticamente el primer item al cargar la p\u00e1gina\nwindow.addEventListener('DOMContentLoaded', () => {\n    const firstItem = accordion.querySelector('.item.active');\n    if(firstItem){\n        const firstPanel = firstItem.querySelector('.panel');\n        firstPanel.style.maxHeight = firstPanel.scrollHeight + 'px';\n    }\n});\n\n\/\/ Ajustar altura si la ventana cambia\nwindow.addEventListener('resize', () => {\n    const openPanelEl = accordion.querySelector('.panel[style]');\n    if (openPanelEl) {\n        openPanelEl.style.maxHeight = openPanelEl.scrollHeight + 'px';\n    }\n});\n})();\n<\/script>\n\n<\/body>\n<\/html>\n\n\n\n<div style=\"height:35px\" aria-hidden=\"true\" class=\"wp-block-spacer\"><\/div>\n\n\n\n<div class=\"wp-block-buttons is-content-justification-space-between is-layout-flex wp-container-core-buttons-is-layout-3d213aab wp-block-buttons-is-layout-flex\">\n<div class=\"wp-block-button\"><a class=\"wp-block-button__link wp-element-button\" href=\"https:\/\/www.seprec.gob.bo\/index.php\/lista-servicios-page\/\">Ver todos los tr\u00e1mites<\/a><\/div>\n\n\n\n<div class=\"wp-block-button\"><a class=\"wp-block-button__link wp-element-button\" href=\"https:\/\/tramites.seprec.gob.bo\/#\/login\">Iniciar Tr\u00e1mite<\/a><\/div>\n<\/div>\n","protected":false},"excerpt":{"rendered":"<p>Accordion &#8211; ejemplo estilo SEPREC CONCEPTO La Entidad Financiera de Vivienda, es una Sociedad que tiene por objeto prestar Servicios de Intermediaci\u00f3n Financiera con especializaci\u00f3n en pr\u00e9stamos para adquisici\u00f3n de vivienda; proyectos de construcci\u00f3n de vivienda unifamiliar o multifamiliar; compra de terrenos; refacci\u00f3n, remodelaci\u00f3n, ampliaci\u00f3n y mejoramiento de viviendas individuales o en propiedad horizontal y [&hellip;]<\/p>\n","protected":false},"author":1,"featured_media":0,"parent":0,"menu_order":0,"comment_status":"closed","ping_status":"closed","template":"","meta":{"_acf_changed":false,"footnotes":""},"class_list":["post-56277","page","type-page","status-publish","hentry"],"acf":[],"_links":{"self":[{"href":"https:\/\/www.seprec.gob.bo\/index.php\/wp-json\/wp\/v2\/pages\/56277","targetHints":{"allow":["GET"]}}],"collection":[{"href":"https:\/\/www.seprec.gob.bo\/index.php\/wp-json\/wp\/v2\/pages"}],"about":[{"href":"https:\/\/www.seprec.gob.bo\/index.php\/wp-json\/wp\/v2\/types\/page"}],"author":[{"embeddable":true,"href":"https:\/\/www.seprec.gob.bo\/index.php\/wp-json\/wp\/v2\/users\/1"}],"replies":[{"embeddable":true,"href":"https:\/\/www.seprec.gob.bo\/index.php\/wp-json\/wp\/v2\/comments?post=56277"}],"version-history":[{"count":9,"href":"https:\/\/www.seprec.gob.bo\/index.php\/wp-json\/wp\/v2\/pages\/56277\/revisions"}],"predecessor-version":[{"id":58018,"href":"https:\/\/www.seprec.gob.bo\/index.php\/wp-json\/wp\/v2\/pages\/56277\/revisions\/58018"}],"wp:attachment":[{"href":"https:\/\/www.seprec.gob.bo\/index.php\/wp-json\/wp\/v2\/media?parent=56277"}],"curies":[{"name":"wp","href":"https:\/\/api.w.org\/{rel}","templated":true}]}}