{"id":328,"date":"2024-04-05T21:30:59","date_gmt":"2024-04-05T19:30:59","guid":{"rendered":"http:\/\/10.100.30.111\/?page_id=328"},"modified":"2025-12-02T00:38:29","modified_gmt":"2025-12-02T04:38:29","slug":"descripcion-de-los-objetivos-y-funciones-principales-de-la-entidad-2","status":"publish","type":"page","link":"https:\/\/www.seprec.gob.bo\/index.php\/descripcion-de-los-objetivos-y-funciones-principales-de-la-entidad-2\/","title":{"rendered":"Objetivos Institucionales."},"content":{"rendered":"\n<h2 class=\"wp-block-heading\">Objetivos<\/h2>\n\n\n\n<ul class=\"wp-block-list\">\n<li><\/li>\n<\/ul>\n\n\n\n<p><\/p>\n\n\n\n<p>&nbsp;<\/p>\n\n\n\n<div style=\"display: flex; align-items: center;\">\n  <img decoding=\"async\" src=\"https:\/\/www.seprec.gob.bo\/wp-content\/uploads\/2025\/10\/ob1.png\" alt=\"Descripci\u00f3n de la imagen\" style=\"width: 150px; height: auto; margin-right: 15px;\">\n  <p style=\"margin: 0;\">Constituir al Servicio Plurinacional de Registro de Comercio \u2013 SEPREC como la entidad referente en el Registro de Comercio para el fortalecimiento de las Unidades Econ\u00f3micas y el desarrollo empresarial en toda su diversidad plural.<\/p>\n<\/div>\n<br>\n<div style=\"display: flex; align-items: center;\">\n  <img decoding=\"async\" src=\"https:\/\/www.seprec.gob.bo\/wp-content\/uploads\/2025\/10\/obj2.png\" alt=\"Descripci\u00f3n de la imagen\" style=\"width: 150px; height: auto; margin-right: 15px;\">\n  <p style=\"margin: 0;\">Desarrollar e implementar un Sistema \u00fanico e integral de Registro de Comercio para brindar servicios de calidad a los actores de la econom\u00eda plural.<\/p>\n<\/div>\n<br>\n<div style=\"display: flex; align-items: center;\">\n  <img decoding=\"async\" src=\"https:\/\/www.seprec.gob.bo\/wp-content\/uploads\/2025\/10\/obj3.png\" alt=\"Descripci\u00f3n de la imagen\" style=\"width: 150px; height: auto; margin-right: 15px;\">\n  <p style=\"margin: 0;\">Desarrollar el Programa de Educaci\u00f3n Empresarial con un enfoque tecnol\u00f3gico, de innovaci\u00f3n y oportunidad empresarial para fomentar el desarrollo empresarial de todas las unidades econ\u00f3micas y los actores de la econom\u00eda plural.<\/p>\n<\/div>\n<br>\n<div style=\"display: flex; align-items: center;\">\n  <img decoding=\"async\" src=\"https:\/\/www.seprec.gob.bo\/wp-content\/uploads\/2025\/10\/obj4.png\" alt=\"Descripci\u00f3n de la imagen\" style=\"width: 150px; height: auto; margin-right: 15px;\">\n  <p style=\"margin: 0;\">Establecer mecanismos de control para una gesti\u00f3n p\u00fablica y eficiente, id\u00f3nea y eficaz.<\/p>\n<\/div>\n","protected":false},"excerpt":{"rendered":"<p>Objetivos &nbsp; Constituir al Servicio Plurinacional de Registro de Comercio \u2013 SEPREC como la entidad referente en el Registro de Comercio para el fortalecimiento de las Unidades Econ\u00f3micas y el desarrollo empresarial en toda su diversidad plural. Desarrollar e implementar un Sistema \u00fanico e integral de Registro de Comercio para brindar servicios de calidad a [&hellip;]<\/p>\n","protected":false},"author":1,"featured_media":0,"parent":0,"menu_order":0,"comment_status":"closed","ping_status":"closed","template":"","meta":{"_acf_changed":false,"footnotes":""},"class_list":["post-328","page","type-page","status-publish","hentry"],"acf":[],"_links":{"self":[{"href":"https:\/\/www.seprec.gob.bo\/index.php\/wp-json\/wp\/v2\/pages\/328","targetHints":{"allow":["GET"]}}],"collection":[{"href":"https:\/\/www.seprec.gob.bo\/index.php\/wp-json\/wp\/v2\/pages"}],"about":[{"href":"https:\/\/www.seprec.gob.bo\/index.php\/wp-json\/wp\/v2\/types\/page"}],"author":[{"embeddable":true,"href":"https:\/\/www.seprec.gob.bo\/index.php\/wp-json\/wp\/v2\/users\/1"}],"replies":[{"embeddable":true,"href":"https:\/\/www.seprec.gob.bo\/index.php\/wp-json\/wp\/v2\/comments?post=328"}],"version-history":[{"count":20,"href":"https:\/\/www.seprec.gob.bo\/index.php\/wp-json\/wp\/v2\/pages\/328\/revisions"}],"predecessor-version":[{"id":58034,"href":"https:\/\/www.seprec.gob.bo\/index.php\/wp-json\/wp\/v2\/pages\/328\/revisions\/58034"}],"wp:attachment":[{"href":"https:\/\/www.seprec.gob.bo\/index.php\/wp-json\/wp\/v2\/media?parent=328"}],"curies":[{"name":"wp","href":"https:\/\/api.w.org\/{rel}","templated":true}]}}