{"id":20835,"date":"2025-10-30T14:55:23","date_gmt":"2025-10-30T18:55:23","guid":{"rendered":"http:\/\/10.100.30.111\/?page_id=20835"},"modified":"2025-10-30T14:55:23","modified_gmt":"2025-10-30T18:55:23","slug":"leyes-2","status":"publish","type":"page","link":"https:\/\/www.seprec.gob.bo\/index.php\/leyes-2\/","title":{"rendered":"Leyes"},"content":{"rendered":"<div class=\"widget widget_documentos_widget\">        <section\n            id=\"documentos\"><div class=\"container p-4\">\n    <div class=\"row\">\n        <div class=\"col-12 col-md-12\">\n            <article id=\"post-20835\" class=\"post-20835 page type-page status-publish hentry\">\n                <h4>\n                    Documentos                <\/h4>\n\n\n\n                <form id=\"form-buscar_documentos\" role=\"search\" method=\"get\" class=\"form-inline border border-0\" action=\"https:\/\/www.seprec.gob.bo\/index.php\/leyes-2\/\">\n                    <div class=\"row align-items-end gy-3 pb-3\">\n\n                        <!-- Filtro A\u00f1o -->\n                        <div class=\"col-12 col-md-auto\">\n                            <label for=\"filtroAnioId\" class=\"icono-color form-label fw-semibold\">A\u00f1o<\/label>\n                            <select id=\"filtroAnioId\" name=\"anio\" class=\"form-select fondo-default texto-default\">\n                                <option value=\"\" selected>Seleccionar a\u00f1o<\/option>\n                                \n\n                                    <option value=\"2026\" >\n                                        2026                                    <\/option>\n                                \n\n                                    <option value=\"2025\/11\" >\n                                        2025\/11                                    <\/option>\n                                \n\n                                    <option value=\"2025\" >\n                                        2025                                    <\/option>\n                                \n\n                                    <option value=\"2024\" >\n                                        2024                                    <\/option>\n                                \n\n                                    <option value=\"2023\" >\n                                        2023                                    <\/option>\n                                \n\n                                    <option value=\"2022\" >\n                                        2022                                    <\/option>\n                                \n\n                                    <option value=\"2021-2025\" >\n                                        2021-2025                                    <\/option>\n                                \n\n                                    <option value=\"2021\" >\n                                        2021                                    <\/option>\n                                \n\n                                    <option value=\"2015\" >\n                                        2015                                    <\/option>\n                                \n\n                                    <option value=\"2014\" >\n                                        2014                                    <\/option>\n                                \n\n                                    <option value=\"2013\" >\n                                        2013                                    <\/option>\n                                \n\n                                    <option value=\"2009\" >\n                                        2009                                    <\/option>\n                                \n\n                                    <option value=\"\" >\n                                                                            <\/option>\n                                                            <\/select>\n                        <\/div>\n\n                        <!-- Filtro Titulo -->\n\n                        <div class=\"col-12 col-md-auto\">\n                            <label for=\"filtroTituloId\" class=\"icono-color form-label fw-semibold\">Descripci\u00f3n<\/label>\n\n                            <div class=\"input-group texto-default\" style=\"display: flex !important; \">\n\n                                <input type=\"text\" id=\"filtroTituloId\" placeholder=\"Buscar por descripci\u00f3n\" name=\"titulo\" class=\"form-control fondo-default texto-default\" value=\"\">\n                                <button style=\"cursor: pointer;\" onclick=\"resetarFormulario('filtroTituloId', 'form-buscar_documentos' )\" class=\"input-group-text fondo-default\" id=\"clearInputdocumentos\"><i class=\"bi bi-x-circle-fill texto-default\"><\/i><\/button>\n                            <\/div>\n                        <\/div>\n\n                        <!-- Bot\u00f3n de B\u00fasqueda -->\n                        <div class=\"col-12 col-md-auto\">\n                            <button class=\"btn boton text-white\">Buscar en esta categoria <i class=\"bi bi-search\"><\/i><\/button>\n                        <\/div>\n                    <\/div>\n                <\/form>\n\n\n                <div class=\"table-responsive\">\n                    <table class=\"table\">\n                        <thead>\n                            <tr>\n                                <th class=\"titulo-columna\" scope=\"col\">A\u00f1o<\/th>\n                                <th class=\"titulo-columna\">Descripci\u00f3n<\/th>\n                                <th class=\"titulo-columna\" scope=\"col\">Documento<\/th>\n                            <\/tr>\n                        <\/thead>\n                        <tbody>\n                                                                <tr>\n                                        <td>2021<\/td>\n                                        <td>Ley 1398 Ley de Registro de Comercio<\/td>\n                                        <td>\n                                            <ul class=\"list-unstyled\">\n                                                <li><a href=\"https:\/\/www.seprec.gob.bo\/wp-content\/uploads\/2025\/10\/Ley-1398-ley-de-registro-de-comercio.pdf\" target=\"_blank\"><i class=\"bi bi-file-earmark-pdf icono-pdf\"><\/i> Descargar archivo<\/a><\/li>\n                                            <\/ul>\n                                        <\/td>\n                                    <\/tr>\n                                                                    <tr>\n                                        <td>2015<\/td>\n                                        <td>Ley 685 5-15 Atribuciones de la AEMP<\/td>\n                                        <td>\n                                            <ul class=\"list-unstyled\">\n                                                <li><a href=\"https:\/\/www.seprec.gob.bo\/wp-content\/uploads\/2025\/10\/Ley-685-5-15-Atribuciones-de-la-AEMP.pdf\" target=\"_blank\"><i class=\"bi bi-file-earmark-pdf icono-pdf\"><\/i> Descargar archivo<\/a><\/li>\n                                            <\/ul>\n                                        <\/td>\n                                    <\/tr>\n                                                                    <tr>\n                                        <td>2015<\/td>\n                                        <td>Ley 708 6-20 Conciliaci\u00f3n y Arbitraje<\/td>\n                                        <td>\n                                            <ul class=\"list-unstyled\">\n                                                <li><a href=\"https:\/\/www.seprec.gob.bo\/wp-content\/uploads\/2025\/10\/Ley-708-6-20-Conciliacion-y-Arbitraje.pdf\" target=\"_blank\"><i class=\"bi bi-file-earmark-pdf icono-pdf\"><\/i> Descargar archivo<\/a><\/li>\n                                            <\/ul>\n                                        <\/td>\n                                    <\/tr>\n                                                                    <tr>\n                                        <td>2014<\/td>\n                                        <td>Ley 483 2014 Ley Reglamento del Notariado<\/td>\n                                        <td>\n                                            <ul class=\"list-unstyled\">\n                                                <li><a href=\"https:\/\/www.seprec.gob.bo\/wp-content\/uploads\/2025\/10\/Ley-483-2014-Ley-Reglamento-del-Notariado.pdf\" target=\"_blank\"><i class=\"bi bi-file-earmark-pdf icono-pdf\"><\/i> Descargar archivo<\/a><\/li>\n                                            <\/ul>\n                                        <\/td>\n                                    <\/tr>\n                                                                    <tr>\n                                        <td>2014<\/td>\n                                        <td>Ley 779 1-16 Desburocratizaci\u00f3n y Creaci\u00f3n Unidades Econ\u00f3mico<\/td>\n                                        <td>\n                                            <ul class=\"list-unstyled\">\n                                                <li><a href=\"https:\/\/www.seprec.gob.bo\/wp-content\/uploads\/2025\/10\/Ley-779-1-16-Desburocratizacion-y-Creacion-Unidades-Economic.pdf\" target=\"_blank\"><i class=\"bi bi-file-earmark-pdf icono-pdf\"><\/i> Descargar archivo<\/a><\/li>\n                                            <\/ul>\n                                        <\/td>\n                                    <\/tr>\n                                                        <\/tbody>\n                    <\/table>\n                <\/div>\n\n\n                <nav aria-label=\"...\">\n                    <ul class=\"custom-pagination pagination justify-content-center\">\n                        <li class='page-item active'><span aria-current=\"page\" class=\"page-link current\">1<\/span><\/li><li class='page-item '><a class=\"page-link\" href=\"https:\/\/www.seprec.gob.bo\/index.php\/wp-json\/wp\/v2\/pages\/20835\/page\/2\/\">2<\/a><\/li><li class='page-item '><a class=\"next page-link\" href=\"https:\/\/www.seprec.gob.bo\/index.php\/wp-json\/wp\/v2\/pages\/20835\/page\/2\/\">Siguiente &raquo;<\/a><\/li>                    <\/ul>\n                <\/nav>\n            <\/article>\n        <\/div>\n    <\/div>\n<\/div>        <\/section>\n        <\/div>","protected":false},"excerpt":{"rendered":"","protected":false},"author":1,"featured_media":0,"parent":0,"menu_order":0,"comment_status":"closed","ping_status":"closed","template":"","meta":{"_acf_changed":false,"footnotes":""},"class_list":["post-20835","page","type-page","status-publish","hentry"],"acf":[],"_links":{"self":[{"href":"https:\/\/www.seprec.gob.bo\/index.php\/wp-json\/wp\/v2\/pages\/20835","targetHints":{"allow":["GET"]}}],"collection":[{"href":"https:\/\/www.seprec.gob.bo\/index.php\/wp-json\/wp\/v2\/pages"}],"about":[{"href":"https:\/\/www.seprec.gob.bo\/index.php\/wp-json\/wp\/v2\/types\/page"}],"author":[{"embeddable":true,"href":"https:\/\/www.seprec.gob.bo\/index.php\/wp-json\/wp\/v2\/users\/1"}],"replies":[{"embeddable":true,"href":"https:\/\/www.seprec.gob.bo\/index.php\/wp-json\/wp\/v2\/comments?post=20835"}],"version-history":[{"count":1,"href":"https:\/\/www.seprec.gob.bo\/index.php\/wp-json\/wp\/v2\/pages\/20835\/revisions"}],"predecessor-version":[{"id":20836,"href":"https:\/\/www.seprec.gob.bo\/index.php\/wp-json\/wp\/v2\/pages\/20835\/revisions\/20836"}],"wp:attachment":[{"href":"https:\/\/www.seprec.gob.bo\/index.php\/wp-json\/wp\/v2\/media?parent=20835"}],"curies":[{"name":"wp","href":"https:\/\/api.w.org\/{rel}","templated":true}]}}