{"id":19507,"date":"2025-10-29T17:08:10","date_gmt":"2025-10-29T21:08:10","guid":{"rendered":"http:\/\/10.100.30.111\/?page_id=19507"},"modified":"2025-12-02T00:47:35","modified_gmt":"2025-12-02T04:47:35","slug":"preguntas-frecuentes","status":"publish","type":"page","link":"https:\/\/www.seprec.gob.bo\/index.php\/preguntas-frecuentes\/","title":{"rendered":"Preguntas Frecuentes"},"content":{"rendered":"\n<p><\/p>\n\n\n\n<details class=\"wp-block-details is-layout-flow wp-block-details-is-layout-flow\"><summary><a>1. Requisitos para inscribir mi empresa Unipersonal<\/a><\/summary>\n<p class=\"has-text-align-center\">Ingresa al link para ver requisitos, procedimientos y todo lo referente a ese tr\u00e1mite<\/p>\n\n\n\n<p class=\"has-text-align-center\"><a href=\"https:\/\/www.seprec.gob.bo\/index.php\/tramite1\/\" target=\"_blank\" rel=\"noreferrer noopener\"><u>Informaci\u00f3n<\/u><\/a><\/p>\n\n\n\n<p class=\"has-text-align-center\"><a href=\"https:\/\/www.youtube.com\/watch?v=2wP9LeRTqcw&amp;t=18s\" target=\"_blank\" rel=\"noreferrer noopener\"><u>Video inform\u00e1tivo<\/u><\/a><\/p>\n<\/details>\n\n\n\n<details class=\"wp-block-details is-layout-flow wp-block-details-is-layout-flow\"><summary><a>2. Requisitos para inscribir mi empresa S.R.L.<\/a><\/summary>\n<p class=\"has-text-align-center\">Ingresa al link para ver requisitos, procedimientos y todo lo referente a este tr\u00e1mite<\/p>\n\n\n\n<p class=\"has-text-align-center\"><a href=\"https:\/\/www.seprec.gob.bo\/index.php\/tramite2\/\" target=\"_blank\" rel=\"noreferrer noopener\"><u>Informaci\u00f3n<\/u><\/a><\/p>\n\n\n\n<p class=\"has-text-align-center\"><a href=\"https:\/\/www.youtube.com\/watch?v=11kI3yRgoCo\" target=\"_blank\" rel=\"noreferrer noopener\"><u>Video inform\u00e1tivo<\/u><\/a><\/p>\n<\/details>\n\n\n\n<details class=\"wp-block-details is-layout-flow wp-block-details-is-layout-flow\"><summary><a>3. Requisitos para renovar mi Matricula<\/a><\/summary>\n<p class=\"has-text-align-center\">Ingresa al link para ver requisitos, procedimientos y todo lo referente a este tr\u00e1mite<\/p>\n\n\n\n<p class=\"has-text-align-center\"><a href=\"https:\/\/www.seprec.gob.bo\/index.php\/tramite10\/\" target=\"_blank\" rel=\"noreferrer noopener\"><u>Informaci\u00f3n<\/u><\/a><\/p>\n\n\n\n<p class=\"has-text-align-center\"><a href=\"https:\/\/www.youtube.com\/watch?v=fM_Ohfc3pbM&amp;t=2s\" target=\"_blank\" rel=\"noreferrer noopener\"><u>Video inform\u00e1tivo<\/u><\/a><\/p>\n<\/details>\n\n\n\n<details class=\"wp-block-details is-layout-flow wp-block-details-is-layout-flow\"><summary><a>4. \u00bfC\u00f3mo hacer seguimiento a mi tramite?<\/a><\/summary>\n<p class=\"has-text-align-center\">Ingresa al portal miempresa.seprec.gob.bo Ve a la ventana Estado del tr\u00e1mite e ingresa tu c\u00f3digo de tramite<\/p>\n\n\n\n<p class=\"has-text-align-center\"><a href=\"https:\/\/www.youtube.com\/watch?v=GvCuTCSAKMU\"><u>Video inform\u00e1tivo<\/u><\/a><\/p>\n<\/details>\n\n\n\n<details class=\"wp-block-details is-layout-flow wp-block-details-is-layout-flow\"><summary><a>5. \u00bfC\u00f3mo saco mi certificado de NO INSCRIPCI\u00d3N?<\/a><\/summary>\n<p class=\"has-text-align-center\">Ingresa al link para ver requisitos, procedimientos y todo lo referente a este tr\u00e1mite<\/p>\n\n\n\n<p class=\"has-text-align-center\"><a href=\"https:\/\/www.seprec.gob.bo\/index.php\/tramite53\/\" target=\"_blank\" rel=\"noreferrer noopener\"><u>Informaci\u00f3n<\/u><\/a><\/p>\n\n\n\n<p class=\"has-text-align-center\"><a href=\"https:\/\/www.youtube.com\/watch?v=5hoBJBgZc4E\" target=\"_blank\" rel=\"noreferrer noopener\"><u>Video inform\u00e1tivo Persona Natural<\/u><\/a><\/p>\n\n\n\n<p class=\"has-text-align-center\"><a href=\"https:\/\/www.youtube.com\/watch?v=jomnWSIgDIE\" target=\"_blank\" rel=\"noreferrer noopener\"><u>Video inform\u00e1tivo Persona Jur\u00eddica<\/u><\/a><\/p>\n<\/details>\n\n\n\n<details class=\"wp-block-details is-layout-flow wp-block-details-is-layout-flow\"><summary><a>6. \u00bfCu\u00e1l es el horario de atencion?<\/a><\/summary>\n<p class=\"has-text-align-center\">De 08:30 a 16:00 horas<\/p>\n<\/details>\n\n\n\n<details class=\"wp-block-details is-layout-flow wp-block-details-is-layout-flow\"><summary><a>7. \u00bfCu\u00e1l es su direcci\u00f3n?<\/a><\/summary>\n<p class=\"has-text-align-center\">Ac\u00e1 te dejamos las direcciones de nuestras 14 plataformas a nivel nacional<\/p>\n\n\n\n<p class=\"has-text-align-center\"><a href=\"https:\/\/www.seprec.gob.bo\/index.php\/lista-direcciones-page\/\"><u>Ver informaci\u00f3n de oficinas<\/u><\/a><\/p>\n<\/details>\n\n\n\n<details class=\"wp-block-details is-layout-flow wp-block-details-is-layout-flow\"><summary><a>8. \u00bfC\u00f3mo saco un certificado de inscripci\u00f3n de mi empresa?<\/a><\/summary>\n<p class=\"has-text-align-center\"><a href=\"https:\/\/www.seprec.gob.bo\/index.php\/tramite51\/\" target=\"_blank\" rel=\"noreferrer noopener\"><u>Informaci\u00f3n<\/u><\/a><\/p>\n\n\n\n<p class=\"has-text-align-center\"><a href=\"https:\/\/www.youtube.com\/watch?v=R_VOjz2V4ns&amp;t=5s\" target=\"_blank\" rel=\"noreferrer noopener\"><u>Video Informativo<\/u><\/a><\/p>\n<\/details>\n\n\n\n<details class=\"wp-block-details is-layout-flow wp-block-details-is-layout-flow\"><summary><a>9. \u00bfC\u00f3mo corregir mi tramite observado? (con ciudadan\u00eda digital)<\/a><\/summary>\n<p class=\"has-text-align-center\"><a href=\"https:\/\/www.youtube.com\/shorts\/PkUBGHNO2mU\" target=\"_blank\" rel=\"noreferrer noopener\"><u>Video Informativo<\/u><\/a><\/p>\n<\/details>\n\n\n\n<details class=\"wp-block-details is-layout-flow wp-block-details-is-layout-flow\"><summary><a>10. \u00bfC\u00f3mo corregir mi tramite observado? (sin ciudadan\u00eda digital)<\/a><\/summary>\n<p class=\"has-text-align-center\"><a href=\"https:\/\/www.youtube.com\/watch?v=JERKr4bqkjU\" target=\"_blank\" rel=\"noreferrer noopener\"><u>Video Informativo<\/u><\/a><\/p>\n<\/details>\n\n\n\n<details class=\"wp-block-details is-layout-flow wp-block-details-is-layout-flow\"><summary><a>11. \u00bfCu\u00e1les son los periodos en los que debo realizar la Renovaci\u00f3n de mi matr\u00edcula de comercio?<\/a><\/summary>\n<p class=\"has-text-align-center\"><a href=\"https:\/\/www.youtube.com\/watch?v=k0bDaHISA7Q\" target=\"_blank\" rel=\"noreferrer noopener\"><u>Video Informativo<\/u><\/a><\/p>\n<\/details>\n","protected":false},"excerpt":{"rendered":"","protected":false},"author":1,"featured_media":0,"parent":0,"menu_order":0,"comment_status":"closed","ping_status":"closed","template":"","meta":{"_acf_changed":false,"footnotes":""},"class_list":["post-19507","page","type-page","status-publish","hentry"],"acf":[],"_links":{"self":[{"href":"https:\/\/www.seprec.gob.bo\/index.php\/wp-json\/wp\/v2\/pages\/19507","targetHints":{"allow":["GET"]}}],"collection":[{"href":"https:\/\/www.seprec.gob.bo\/index.php\/wp-json\/wp\/v2\/pages"}],"about":[{"href":"https:\/\/www.seprec.gob.bo\/index.php\/wp-json\/wp\/v2\/types\/page"}],"author":[{"embeddable":true,"href":"https:\/\/www.seprec.gob.bo\/index.php\/wp-json\/wp\/v2\/users\/1"}],"replies":[{"embeddable":true,"href":"https:\/\/www.seprec.gob.bo\/index.php\/wp-json\/wp\/v2\/comments?post=19507"}],"version-history":[{"count":6,"href":"https:\/\/www.seprec.gob.bo\/index.php\/wp-json\/wp\/v2\/pages\/19507\/revisions"}],"predecessor-version":[{"id":58039,"href":"https:\/\/www.seprec.gob.bo\/index.php\/wp-json\/wp\/v2\/pages\/19507\/revisions\/58039"}],"wp:attachment":[{"href":"https:\/\/www.seprec.gob.bo\/index.php\/wp-json\/wp\/v2\/media?parent=19507"}],"curies":[{"name":"wp","href":"https:\/\/api.w.org\/{rel}","templated":true}]}}