{"id":19413,"date":"2025-10-29T16:35:12","date_gmt":"2025-10-29T20:35:12","guid":{"rendered":"http:\/\/10.100.30.111\/?page_id=19413"},"modified":"2025-12-02T00:45:40","modified_gmt":"2025-12-02T04:45:40","slug":"que-es-registro-de-comercio","status":"publish","type":"page","link":"https:\/\/www.seprec.gob.bo\/index.php\/que-es-registro-de-comercio\/","title":{"rendered":"\u00bfQu\u00e9 es Registro de Comercio?"},"content":{"rendered":"\n<div style=\"display: flex; align-items: center; gap: 20px; max-width: 800px; margin: 20px auto; border: 1px solid #ccc; padding: 15px; border-radius: 10px;\">\n    \n    <img decoding=\"async\" src=\"https:\/\/www.seprec.gob.bo\/wp-content\/uploads\/2025\/10\/que-es-rc.png\" alt=\"Imagen de ejemplo\"\n         style=\"width: 150px; height: 150px; object-fit: cover; border-radius: 10px;\">\n    \n    <div style=\"flex: 1;\">\n      <p style=\"margin: 0;\">\n        El Registro de Comercio en Bolivia es un servicio p\u00fablico, que otorga personalidad jur\u00eddica y calidad de comerciantes a las sociedades comerciales y empresas unipersonales. El objetivo principal de esta entidad, es el poder extender la matr\u00edcula de comercio a personas que decidan crear una empresa e inscribir los actos de comercio sujetos a esta formalidad.\n      <\/p>\n    <\/div>\n\n  <\/div>\n\n\n\n<p style=\"font-size:25px\"><strong>Atribuciones del SEPREC<\/strong><\/p>\n\n\n\n<ul class=\"wp-block-list\">\n<li>a) Administrar y ejercer las funciones del Registro de Comercio.<\/li>\n\n\n\n<li>b) Registrar, otorgar y renovar anualmente la Matr\u00edcula de Comercio a las personas naturales y jur\u00eddicas tanto privadas como p\u00fablicas que se dediquen a la actividad comercial en el marco de la normativa vigente.<\/li>\n\n\n\n<li>c) Inscribir los actos, contratos y documentos comerciales, de acuerdo a las previsiones del C\u00f3digo de Comercio y dem\u00e1s normativa vigente.<\/li>\n\n\n\n<li>d) Elaborar, formular y mantener actualizadas las gu\u00edas, sobre la descripci\u00f3n de los servicios, los requisitos para acceder a los servicios y los procedimientos generales concernientes al Registro de Comercio.<\/li>\n\n\n\n<li>e) Aprobar los estatutos, modificaciones, liquidaci\u00f3n, disoluci\u00f3n, transformaci\u00f3n y fusi\u00f3n de las sociedades por acciones, con arreglo a lo establecido por el C\u00f3digo de Comercio.<\/li>\n\n\n\n<li>f) Autorizar el registro de las sociedades por acciones legalmente constituidas.<\/li>\n\n\n\n<li>g) Certificar sobre los actos y documentos inscritos en el Registro de Comercio.<\/li>\n\n\n\n<li>h) Promover las actividades del Registro de Comercio de Bolivia, fomentando la formalizaci\u00f3n de las empresas y el desarrollo empresarial, facilitando el acceso a la informaci\u00f3n y generando programas de capacitaci\u00f3n.<\/li>\n\n\n\n<li>i) Todas aquellas descritas y aplicables en el C\u00f3digo de Comercio.<\/li>\n\n\n\n<li>j) Coordinar la implementaci\u00f3n de un sistema \u00fanico de registro y certificaci\u00f3n para la integraci\u00f3n de Unidades Econ\u00f3micas, en el marco de la econom\u00eda plural.<\/li>\n\n\n\n<li>k) Generar intercambio de informaci\u00f3n que permita desarrollar an\u00e1lisis y estudios relacionados con la industria y el comercio, que apoyen la toma de decisiones de las instancias estatales competentes en el tema y de los actores econ\u00f3micos en general.<\/li>\n\n\n\n<li>l) Coordinar con los Ministerios y entidades p\u00fablicas y privadas la aplicaci\u00f3n de la Ley N\u00b0 779, de 21 de enero de 2016, de Desburocratizaci\u00f3n para la Creaci\u00f3n y Funcionamiento de Unidades Econ\u00f3micas, generando estrategias de desburocratizaci\u00f3n y promoviendo un c\u00f3digo \u00fanico para identificar las Unidades Econ\u00f3micas.<\/li>\n\n\n\n<li>m) Establecer mecanismos para la aplicaci\u00f3n de la Ley N\u00b0 947, de 11 de mayo de 2017, de la micro y peque\u00f1as empresas, en el marco de lo establecido en el inciso j) del presente Par\u00e1grafo.<\/li>\n\n\n\n<li>n) Brindar capacitaci\u00f3n y asistencia t\u00e9cnica para fomentar el desarrollo empresarial.<\/li>\n\n\n\n<li>o) Dise\u00f1ar, desarrollar e implementar un sistema de informaci\u00f3n geogr\u00e1fica de empresas registradas y actualizadas.<\/li>\n<\/ul>\n","protected":false},"excerpt":{"rendered":"<p>El Registro de Comercio en Bolivia es un servicio p\u00fablico, que otorga personalidad jur\u00eddica y calidad de comerciantes a las sociedades comerciales y empresas unipersonales. El objetivo principal de esta entidad, es el poder extender la matr\u00edcula de comercio a personas que decidan crear una empresa e inscribir los actos de comercio sujetos a esta [&hellip;]<\/p>\n","protected":false},"author":1,"featured_media":0,"parent":0,"menu_order":0,"comment_status":"closed","ping_status":"closed","template":"","meta":{"_acf_changed":false,"footnotes":""},"class_list":["post-19413","page","type-page","status-publish","hentry"],"acf":[],"_links":{"self":[{"href":"https:\/\/www.seprec.gob.bo\/index.php\/wp-json\/wp\/v2\/pages\/19413","targetHints":{"allow":["GET"]}}],"collection":[{"href":"https:\/\/www.seprec.gob.bo\/index.php\/wp-json\/wp\/v2\/pages"}],"about":[{"href":"https:\/\/www.seprec.gob.bo\/index.php\/wp-json\/wp\/v2\/types\/page"}],"author":[{"embeddable":true,"href":"https:\/\/www.seprec.gob.bo\/index.php\/wp-json\/wp\/v2\/users\/1"}],"replies":[{"embeddable":true,"href":"https:\/\/www.seprec.gob.bo\/index.php\/wp-json\/wp\/v2\/comments?post=19413"}],"version-history":[{"count":14,"href":"https:\/\/www.seprec.gob.bo\/index.php\/wp-json\/wp\/v2\/pages\/19413\/revisions"}],"predecessor-version":[{"id":58037,"href":"https:\/\/www.seprec.gob.bo\/index.php\/wp-json\/wp\/v2\/pages\/19413\/revisions\/58037"}],"wp:attachment":[{"href":"https:\/\/www.seprec.gob.bo\/index.php\/wp-json\/wp\/v2\/media?parent=19413"}],"curies":[{"name":"wp","href":"https:\/\/api.w.org\/{rel}","templated":true}]}}