{"id":17487,"date":"2025-10-29T12:06:43","date_gmt":"2025-10-29T16:06:43","guid":{"rendered":"http:\/\/10.100.30.111\/?page_id=17487"},"modified":"2025-10-29T12:08:05","modified_gmt":"2025-10-29T16:08:05","slug":"politicas-de-la-calidad","status":"publish","type":"page","link":"https:\/\/www.seprec.gob.bo\/index.php\/politicas-de-la-calidad\/","title":{"rendered":"Pol\u00edticas de la Calidad"},"content":{"rendered":"\n<p>El Servicio Plurinacional de Registro de Comercio (SEPREC), como entidad p\u00fablica descentralizada encargada de administrar y ejercer funciones del Registro de Comercio en Bolivia, tiene el compromiso de:<\/p>\n\n\n\n<ul class=\"wp-block-list\">\n<li>brindar servicios de calidad, oportunos y transparentes,<\/li>\n\n\n\n<li>cumplir la normativa vigente aplicable,<\/li>\n\n\n\n<li>garantizar la seguridad jur\u00eddica, la desburocratizaci\u00f3n, la interoperabilidad interinstitucional y la innovaci\u00f3n tecnol\u00f3gica,<\/li>\n\n\n\n<li>satisfacer las necesidades y expectativas de sus usuarios y otras partes interesadas, y,<\/li>\n\n\n\n<li>mejorar continuamente sus operaciones y el sistema de gesti\u00f3n de la calidad.<\/li>\n<\/ul>\n\n\n\n<p>A fin de ser reconocida como la instituci\u00f3n referente para el fortalecimiento de las unidades econ\u00f3micas, la formalizaci\u00f3n y el desarrollo empresarial en el pa\u00eds.<\/p>\n","protected":false},"excerpt":{"rendered":"<p>El Servicio Plurinacional de Registro de Comercio (SEPREC), como entidad p\u00fablica descentralizada encargada de administrar y ejercer funciones del Registro de Comercio en Bolivia, tiene el compromiso de: A fin de ser reconocida como la instituci\u00f3n referente para el fortalecimiento de las unidades econ\u00f3micas, la formalizaci\u00f3n y el desarrollo empresarial en el pa\u00eds.<\/p>\n","protected":false},"author":1,"featured_media":0,"parent":0,"menu_order":0,"comment_status":"closed","ping_status":"closed","template":"","meta":{"_acf_changed":false,"footnotes":""},"class_list":["post-17487","page","type-page","status-publish","hentry"],"acf":[],"_links":{"self":[{"href":"https:\/\/www.seprec.gob.bo\/index.php\/wp-json\/wp\/v2\/pages\/17487","targetHints":{"allow":["GET"]}}],"collection":[{"href":"https:\/\/www.seprec.gob.bo\/index.php\/wp-json\/wp\/v2\/pages"}],"about":[{"href":"https:\/\/www.seprec.gob.bo\/index.php\/wp-json\/wp\/v2\/types\/page"}],"author":[{"embeddable":true,"href":"https:\/\/www.seprec.gob.bo\/index.php\/wp-json\/wp\/v2\/users\/1"}],"replies":[{"embeddable":true,"href":"https:\/\/www.seprec.gob.bo\/index.php\/wp-json\/wp\/v2\/comments?post=17487"}],"version-history":[{"count":3,"href":"https:\/\/www.seprec.gob.bo\/index.php\/wp-json\/wp\/v2\/pages\/17487\/revisions"}],"predecessor-version":[{"id":17492,"href":"https:\/\/www.seprec.gob.bo\/index.php\/wp-json\/wp\/v2\/pages\/17487\/revisions\/17492"}],"wp:attachment":[{"href":"https:\/\/www.seprec.gob.bo\/index.php\/wp-json\/wp\/v2\/media?parent=17487"}],"curies":[{"name":"wp","href":"https:\/\/api.w.org\/{rel}","templated":true}]}}