{"id":17068,"date":"2025-05-07T21:53:32","date_gmt":"2025-05-07T19:53:32","guid":{"rendered":"http:\/\/10.100.30.111\/?page_id=17068"},"modified":"2025-11-05T00:11:48","modified_gmt":"2025-11-05T04:11:48","slug":"17068-2","status":"publish","type":"page","link":"https:\/\/www.seprec.gob.bo\/index.php\/17068-2\/","title":{"rendered":"Denuncias por Hechos de Corrupci\u00f3n"},"content":{"rendered":"\n<p>El Ministerio de Justicia y Transparencia Institucional pone a su disposici\u00f3n las siguientes v\u00edas para que usted realice su denuncia:<\/p>\n\n\n\n<p> <h4> SITPRECO <\/h4> <\/p>\n\n\n\n<p>Sistema de Informaci\u00f3n de Transparencia, Prevenci\u00f3n y Lucha Contra la Corrupci\u00f3n<\/p>\n\n\n\n<p>Si usted cuenta con Ciudadan\u00eda Digital puede presentar su denuncia de forma directa al Ministerio de Justicia y Transparencia Institucional a trav\u00e9s del sistema SITPRECO<\/p>\n\n\n\n<p><a href=\"https:\/\/sitpreco.s2plus.transparencia.gob.bo\/\" target=\"_blank\" rel=\"noreferrer noopener\"><strong>Acceder al sistema SITPRECO -><\/strong><\/a><\/p>\n\n\n\n<p><h4>Denuncias por Hechos de Corrupci\u00f3n<\/h4><\/p>\n\n\n\n<p>El \u00c1rea de Transparencia Institucional pone a su disposici\u00f3n la siguiente linea telef\u00f3nica para recibir sus denuncias.<\/p>\n\n\n\n<p><strong><strong>800-10-2992<\/strong><\/strong><\/p>\n\n\n\n<p><h4>Denuncias por Hechos de Corrupci\u00f3n<\/h4><\/p>\n\n\n\n<p>Usted puede apersonarse a cualquiera de nuestras oficinas y presentar su Denuncia de Hechos de Corrupci\u00f3n con la siguiente informaci\u00f3n m\u00ednima:<\/p>\n\n\n\n<ul class=\"wp-block-list\">\n<li>Nombre y apellidos<\/li>\n\n\n\n<li>C\u00e9dula de Identidad<\/li>\n\n\n\n<li>Direcci\u00f3n de correo electr\u00f3nico<\/li>\n\n\n\n<li>N\u00famero de celular<\/li>\n\n\n\n<li>Descripci\u00f3n del hecho<\/li>\n\n\n\n<li>Servidor(es) p\u00fablico(s) involucrados<\/li>\n\n\n\n<li>Adjuntar pruebas o se\u00f1alar el lugar donde se encuentren<\/li>\n\n\n\n<li>Aclarar si present\u00f3 su denuncia anteriormente<\/li>\n<\/ul>\n\n\n<div class=\"widget widget_documentos_widget\">        <section\n            id=\"documentos\"><div class=\"container p-4\">\n    <div class=\"row\">\n        <div class=\"col-12 col-md-12\">\n            <article id=\"post-17068\" class=\"post-17068 page type-page status-publish hentry\">\n                <h4>\n                    Documentos                <\/h4>\n\n\n\n                <form id=\"form-buscar_documentos\" role=\"search\" method=\"get\" class=\"form-inline border border-0\" action=\"https:\/\/www.seprec.gob.bo\/index.php\/17068-2\/\">\n                    <div class=\"row align-items-end gy-3 pb-3\">\n\n                        <!-- Filtro A\u00f1o -->\n                        <div class=\"col-12 col-md-auto\">\n                            <label for=\"filtroAnioId\" class=\"icono-color form-label fw-semibold\">A\u00f1o<\/label>\n                            <select id=\"filtroAnioId\" name=\"anio\" class=\"form-select fondo-default texto-default\">\n                                <option value=\"\" selected>Seleccionar a\u00f1o<\/option>\n                                \n\n                                    <option value=\"2026\" >\n                                        2026                                    <\/option>\n                                \n\n                                    <option value=\"2025\/11\" >\n                                        2025\/11                                    <\/option>\n                                \n\n                                    <option value=\"2025\" >\n                                        2025                                    <\/option>\n                                \n\n                                    <option value=\"2024\" >\n                                        2024                                    <\/option>\n                                \n\n                                    <option value=\"2023\" >\n                                        2023                                    <\/option>\n                                \n\n                                    <option value=\"2022\" >\n                                        2022                                    <\/option>\n                                \n\n                                    <option value=\"2021-2025\" >\n                                        2021-2025                                    <\/option>\n                                \n\n                                    <option value=\"2021\" >\n                                        2021                                    <\/option>\n                                \n\n                                    <option value=\"2015\" >\n                                        2015                                    <\/option>\n                                \n\n                                    <option value=\"2014\" >\n                                        2014                                    <\/option>\n                                \n\n                                    <option value=\"2013\" >\n                                        2013                                    <\/option>\n                                \n\n                                    <option value=\"2009\" >\n                                        2009                                    <\/option>\n                                \n\n                                    <option value=\"\" >\n                                                                            <\/option>\n                                                            <\/select>\n                        <\/div>\n\n                        <!-- Filtro Titulo -->\n\n                        <div class=\"col-12 col-md-auto\">\n                            <label for=\"filtroTituloId\" class=\"icono-color form-label fw-semibold\">Descripci\u00f3n<\/label>\n\n                            <div class=\"input-group texto-default\" style=\"display: flex !important; \">\n\n                                <input type=\"text\" id=\"filtroTituloId\" placeholder=\"Buscar por descripci\u00f3n\" name=\"titulo\" class=\"form-control fondo-default texto-default\" value=\"\">\n                                <button style=\"cursor: pointer;\" onclick=\"resetarFormulario('filtroTituloId', 'form-buscar_documentos' )\" class=\"input-group-text fondo-default\" id=\"clearInputdocumentos\"><i class=\"bi bi-x-circle-fill texto-default\"><\/i><\/button>\n                            <\/div>\n                        <\/div>\n\n                        <!-- Bot\u00f3n de B\u00fasqueda -->\n                        <div class=\"col-12 col-md-auto\">\n                            <button class=\"btn boton text-white\">Buscar en esta categoria <i class=\"bi bi-search\"><\/i><\/button>\n                        <\/div>\n                    <\/div>\n                <\/form>\n\n\n                <div class=\"table-responsive\">\n                    <table class=\"table\">\n                        <thead>\n                            <tr>\n                                <th class=\"titulo-columna\" scope=\"col\">A\u00f1o<\/th>\n                                <th class=\"titulo-columna\">Descripci\u00f3n<\/th>\n                                <th class=\"titulo-columna\" scope=\"col\">Documento<\/th>\n                            <\/tr>\n                        <\/thead>\n                        <tbody>\n                                                                <tr>\n                                        <td>2023<\/td>\n                                        <td>C\u00f3digo de \u00c9tica del SEPREC<\/td>\n                                        <td>\n                                            <ul class=\"list-unstyled\">\n                                                <li><a href=\"https:\/\/www.seprec.gob.bo\/wp-content\/uploads\/2025\/10\/Codigo-de-eticca-v4.pdf\" target=\"_blank\"><i class=\"bi bi-file-earmark-pdf icono-pdf\"><\/i> Descargar archivo<\/a><\/li>\n                                            <\/ul>\n                                        <\/td>\n                                    <\/tr>\n                                                                    <tr>\n                                        <td>2022<\/td>\n                                        <td>Reglamento Interno UTyLCC<\/td>\n                                        <td>\n                                            <ul class=\"list-unstyled\">\n                                                <li><a href=\"https:\/\/www.seprec.gob.bo\/wp-content\/uploads\/2025\/10\/RI-UTILCC-SEPREC_1.pdf\" target=\"_blank\"><i class=\"bi bi-file-earmark-pdf icono-pdf\"><\/i> Descargar archivo<\/a><\/li>\n                                            <\/ul>\n                                        <\/td>\n                                    <\/tr>\n                                                        <\/tbody>\n                    <\/table>\n                <\/div>\n\n\n                <nav aria-label=\"...\">\n                    <ul class=\"custom-pagination pagination justify-content-center\">\n                                            <\/ul>\n                <\/nav>\n            <\/article>\n        <\/div>\n    <\/div>\n<\/div>        <\/section>\n        <\/div>\n\n\n<p><\/p>\n","protected":false},"excerpt":{"rendered":"<p>El Ministerio de Justicia y Transparencia Institucional pone a su disposici\u00f3n las siguientes v\u00edas para que usted realice su denuncia: SITPRECO Sistema de Informaci\u00f3n de Transparencia, Prevenci\u00f3n y Lucha Contra la Corrupci\u00f3n Si usted cuenta con Ciudadan\u00eda Digital puede presentar su denuncia de forma directa al Ministerio de Justicia y Transparencia Institucional a trav\u00e9s del [&hellip;]<\/p>\n","protected":false},"author":1,"featured_media":0,"parent":0,"menu_order":0,"comment_status":"closed","ping_status":"closed","template":"","meta":{"_acf_changed":false,"footnotes":""},"class_list":["post-17068","page","type-page","status-publish","hentry"],"acf":[],"_links":{"self":[{"href":"https:\/\/www.seprec.gob.bo\/index.php\/wp-json\/wp\/v2\/pages\/17068","targetHints":{"allow":["GET"]}}],"collection":[{"href":"https:\/\/www.seprec.gob.bo\/index.php\/wp-json\/wp\/v2\/pages"}],"about":[{"href":"https:\/\/www.seprec.gob.bo\/index.php\/wp-json\/wp\/v2\/types\/page"}],"author":[{"embeddable":true,"href":"https:\/\/www.seprec.gob.bo\/index.php\/wp-json\/wp\/v2\/users\/1"}],"replies":[{"embeddable":true,"href":"https:\/\/www.seprec.gob.bo\/index.php\/wp-json\/wp\/v2\/comments?post=17068"}],"version-history":[{"count":7,"href":"https:\/\/www.seprec.gob.bo\/index.php\/wp-json\/wp\/v2\/pages\/17068\/revisions"}],"predecessor-version":[{"id":23466,"href":"https:\/\/www.seprec.gob.bo\/index.php\/wp-json\/wp\/v2\/pages\/17068\/revisions\/23466"}],"wp:attachment":[{"href":"https:\/\/www.seprec.gob.bo\/index.php\/wp-json\/wp\/v2\/media?parent=17068"}],"curies":[{"name":"wp","href":"https:\/\/api.w.org\/{rel}","templated":true}]}}